{"id":4255,"date":"2018-07-26T17:18:28","date_gmt":"2018-07-26T15:18:28","guid":{"rendered":"https:\/\/www.erkodent.de\/silensor-sl\/"},"modified":"2025-07-24T16:01:11","modified_gmt":"2025-07-24T14:01:11","slug":"silensor-sl","status":"publish","type":"page","link":"https:\/\/www.erkodent.de\/es\/productos\/silensor-sl\/","title":{"rendered":"Silensor-sl"},"content":{"rendered":"\n<p>Los ronquidos ocurren en el \u00e1rea del tracto respiratorio superior. Causado por la aceleraci\u00f3n del flujo de aire en v\u00edas respiratorias estrechas (Pharynx\/ garganta), partes del tejido flexible comienzan a vibrar y desencadenan el ruido ronquido. El Silensor<sup>\u00ae<\/sup>-sl pertenece a los rieles de protuberancia de la mand\u00edbula inferior. Estos rieles evitan que la mand\u00edbula inferior caiga hacia atr\u00e1s durante el sue\u00f1o. Muchos estudios demuestran la eficacia de los UK rieles de protuberancia, incluido el particularmente c\u00f3modo Silensor<sup>\u00ae<\/sup>-sl.<\/p>\n\n\n\n<p>El <strong>Silensor\u00ae-sl<\/strong> es un dispositivo m\u00e9dico certificado de acuerdo con el <strong>Art\u00edculo 19, Anexo IV del MDR<\/strong> y, por lo tanto, est\u00e1 sujeto a los materiales y el m\u00e9todo de fabricaci\u00f3n especificados por <strong>Erkodent<\/strong>.<\/p>\n\n\n\n<p>M\u00e1s informaciones: <a href=\"https:\/\/www.erkodent.de\/wp-content\/documents\/products\/sl_info_EN.pdf\" target=\"_blank\" rel=\"noopener\">Hoja de informaci\u00f3n<\/a> \/ <a href=\"https:\/\/www.erkodent.de\/wp-content\/documents\/products\/sl_flyer_ES.pdf\" target=\"_blank\" rel=\"noopener\">folleto del paciente<\/a> \/ <a href=\"https:\/\/www.youtube.com\/watch?v=Ar1-oA__4M8\" target=\"_blank\" rel=\"noreferrer noopener\">video<\/a><\/p>\n","protected":false},"excerpt":{"rendered":"<p>Los ronquidos ocurren en el \u00e1rea del tracto respiratorio superior. Causado por la aceleraci\u00f3n del flujo de aire en v\u00edas respiratorias estrechas (Pharynx\/ garganta), partes del tejido flexible comienzan a vibrar y desencadenan el ruido ronquido. El Silensor\u00ae-sl pertenece a los rieles de protuberancia de la mand\u00edbula inferior. Estos rieles evitan que la mand\u00edbula inferior [&hellip;]<\/p>\n","protected":false},"author":1,"featured_media":0,"parent":4490,"menu_order":0,"comment_status":"closed","ping_status":"closed","template":"product_list.php","meta":{"_acf_changed":false,"footnotes":""},"class_list":["post-4255","page","type-page","status-publish","hentry"],"acf":[],"_links":{"self":[{"href":"https:\/\/www.erkodent.de\/es\/wp-json\/wp\/v2\/pages\/4255"}],"collection":[{"href":"https:\/\/www.erkodent.de\/es\/wp-json\/wp\/v2\/pages"}],"about":[{"href":"https:\/\/www.erkodent.de\/es\/wp-json\/wp\/v2\/types\/page"}],"author":[{"embeddable":true,"href":"https:\/\/www.erkodent.de\/es\/wp-json\/wp\/v2\/users\/1"}],"replies":[{"embeddable":true,"href":"https:\/\/www.erkodent.de\/es\/wp-json\/wp\/v2\/comments?post=4255"}],"version-history":[{"count":20,"href":"https:\/\/www.erkodent.de\/es\/wp-json\/wp\/v2\/pages\/4255\/revisions"}],"predecessor-version":[{"id":8434,"href":"https:\/\/www.erkodent.de\/es\/wp-json\/wp\/v2\/pages\/4255\/revisions\/8434"}],"up":[{"embeddable":true,"href":"https:\/\/www.erkodent.de\/es\/wp-json\/wp\/v2\/pages\/4490"}],"wp:attachment":[{"href":"https:\/\/www.erkodent.de\/es\/wp-json\/wp\/v2\/media?parent=4255"}],"curies":[{"name":"wp","href":"https:\/\/api.w.org\/{rel}","templated":true}]}}