{"id":4367,"date":"2018-07-27T10:12:12","date_gmt":"2018-07-27T08:12:12","guid":{"rendered":"https:\/\/www.erkodent.de\/oxydens\/"},"modified":"2024-06-24T17:02:53","modified_gmt":"2024-06-24T15:02:53","slug":"oxydens","status":"publish","type":"page","link":"https:\/\/www.erkodent.de\/es\/productos\/materiales-termoformado\/oxydens\/","title":{"rendered":"Oxydens"},"content":{"rendered":"\n<p>Un sistema de limpieza comprobado de forma exhaustiva, adecuado para todas las f\u00e9rulas fabricadas con nuestra t\u00e9cnica de termoformaci\u00f3n, tales como f\u00e9rulas antibruxismo, protectores bucales Playsafe, f\u00e9rulas anti-ronquidos \u201eSilensor-sl\u201c, aparatos de ortodoncia, f\u00e9rulas correctivas, retenedores, pr\u00f3tesis y similares.<\/p>\n\n\n\n<ul class=\"wp-block-list\">\n<li>Elimina placa dental y sedimentos minerale<\/li>\n\n\n\n<li>Elimina olores<\/li>\n\n\n\n<li>Consigue f\u00e9rulas limpias que parecen nuevas<\/li>\n\n\n\n<li>Previene a coloraciones<\/li>\n\n\n\n<li>Oxydens Clean-set es pr\u00e1ctico para aplicar y guardar las f\u00e9rulas de forma higi\u00e9nica<\/li>\n<\/ul>\n","protected":false},"excerpt":{"rendered":"<p>Un sistema de limpieza comprobado de forma exhaustiva, adecuado para todas las f\u00e9rulas fabricadas con nuestra t\u00e9cnica de termoformaci\u00f3n, tales como f\u00e9rulas antibruxismo, protectores bucales Playsafe, f\u00e9rulas anti-ronquidos \u201eSilensor-sl\u201c, aparatos de ortodoncia, f\u00e9rulas correctivas, retenedores, pr\u00f3tesis y similares.<\/p>\n","protected":false},"author":1,"featured_media":0,"parent":4378,"menu_order":0,"comment_status":"closed","ping_status":"closed","template":"product_list.php","meta":{"_acf_changed":false,"footnotes":""},"class_list":["post-4367","page","type-page","status-publish","hentry"],"acf":[],"_links":{"self":[{"href":"https:\/\/www.erkodent.de\/es\/wp-json\/wp\/v2\/pages\/4367"}],"collection":[{"href":"https:\/\/www.erkodent.de\/es\/wp-json\/wp\/v2\/pages"}],"about":[{"href":"https:\/\/www.erkodent.de\/es\/wp-json\/wp\/v2\/types\/page"}],"author":[{"embeddable":true,"href":"https:\/\/www.erkodent.de\/es\/wp-json\/wp\/v2\/users\/1"}],"replies":[{"embeddable":true,"href":"https:\/\/www.erkodent.de\/es\/wp-json\/wp\/v2\/comments?post=4367"}],"version-history":[{"count":2,"href":"https:\/\/www.erkodent.de\/es\/wp-json\/wp\/v2\/pages\/4367\/revisions"}],"predecessor-version":[{"id":7754,"href":"https:\/\/www.erkodent.de\/es\/wp-json\/wp\/v2\/pages\/4367\/revisions\/7754"}],"up":[{"embeddable":true,"href":"https:\/\/www.erkodent.de\/es\/wp-json\/wp\/v2\/pages\/4378"}],"wp:attachment":[{"href":"https:\/\/www.erkodent.de\/es\/wp-json\/wp\/v2\/media?parent=4367"}],"curies":[{"name":"wp","href":"https:\/\/api.w.org\/{rel}","templated":true}]}}