{"id":4397,"date":"2018-07-27T10:14:53","date_gmt":"2018-07-27T08:14:53","guid":{"rendered":"https:\/\/www.erkodent.de\/laminas-termoformado\/tiefziehfolien\/"},"modified":"2025-05-08T08:47:27","modified_gmt":"2025-05-08T06:47:27","slug":"laminas","status":"publish","type":"page","link":"https:\/\/www.erkodent.de\/es\/productos\/materiales-termoformado\/laminas\/","title":{"rendered":"L\u00e1minas de termoformado"},"content":{"rendered":"\n<p>Erkodent ofrece la materia optima para cualquier necesidad. Con las l\u00e1minas y placas entregamos&nbsp;<a class=\"more_link\" href=\"\/?page_id=155\" target=\"_blank\" rel=\"noopener\">Instrucciones<\/a> detalladas, para el uso en diferentes aparatos. Con gusto tambi\u00e9n podr\u00eda participar en un workshop de Erkodent (<a class=\"more_link\" href=\"\/?page_id=179\" target=\"_blank\" rel=\"noopener\">Termine<\/a> <a class=\"more_link\" href=\"https:\/\/www.erkodent.de\/wp-content\/documents\/products\/Kurse.pdf\" target=\"_blank\" rel=\"noopener\">Kursflyer<\/a> ). En nuestro detallado&nbsp;<a class=\"more_link\" href=\"https:\/\/www.erkodent.de\/wp-content\/documents\/products\/tztbrosch_DE.pdf\" target=\"_blank\" rel=\"noopener\">Manual de termoformaci\u00f3n<\/a>&nbsp;vaya a encontrar valorosas informaciones de utilizaci\u00f3n. Caracter\u00edsticas de materiales y pruebas asibles se encuentra la&nbsp;<a class=\"more_link\" href=\"https:\/\/www.erkodent.de\/wp-content\/documents\/products\/Material_DE.pdf\" target=\"_blank\" rel=\"noopener\">lista de materiales<\/a> de Erkodent.<\/p>\n\n\n\n<p>L\u00e1minas de termoformado clasificadas por <a class=\"more_link\" href=\"https:\/\/www.erkodent.de\/es\/productos\/aplicaciones-video\/\" target=\"_blank\" rel=\"noopener\">aplicaci\u00f3n<\/a>.<\/p>\n\n\n\n<p>Todos los materiales de termoformado de Erkodent est\u00e1n comprobadas en cuanto a su <strong>biocompatibilidad<\/strong> y son fisiol\u00f3gicamente seguros de usar. Est\u00e1n marcados con CE en base al reglamento 2017\/745 de la UE sobre productos m\u00e9dicos, la directiva 93\/42\/CEE sobre productos m\u00e9dicos y el reglamento 2016\/425 de la UE sobre equipos de protecci\u00f3n individual (protectores bucales deportivos Playsafe).<\/p>\n\n\n\n<figure class=\"wp-block-image size-full is-resized\"><img loading=\"lazy\" decoding=\"async\" width=\"61\" height=\"20\" src=\"https:\/\/www.erkodent.de\/wp-content\/uploads\/2025\/05\/grafik.png\" alt=\"\" class=\"wp-image-8326\" style=\"width:61px;height:auto\"\/><\/figure>\n","protected":false},"excerpt":{"rendered":"<p>Erkodent ofrece la materia optima para cualquier necesidad. Con las l\u00e1minas y placas entregamos&nbsp;Instrucciones detalladas, para el uso en diferentes aparatos. Con gusto tambi\u00e9n podr\u00eda participar en un workshop de Erkodent (Termine Kursflyer ). En nuestro detallado&nbsp;Manual de termoformaci\u00f3n&nbsp;vaya a encontrar valorosas informaciones de utilizaci\u00f3n. Caracter\u00edsticas de materiales y pruebas asibles se encuentra la&nbsp;lista de [&hellip;]<\/p>\n","protected":false},"author":1,"featured_media":0,"parent":4378,"menu_order":0,"comment_status":"closed","ping_status":"closed","template":"product_list.php","meta":{"_acf_changed":false,"footnotes":""},"class_list":["post-4397","page","type-page","status-publish","hentry"],"acf":[],"_links":{"self":[{"href":"https:\/\/www.erkodent.de\/es\/wp-json\/wp\/v2\/pages\/4397"}],"collection":[{"href":"https:\/\/www.erkodent.de\/es\/wp-json\/wp\/v2\/pages"}],"about":[{"href":"https:\/\/www.erkodent.de\/es\/wp-json\/wp\/v2\/types\/page"}],"author":[{"embeddable":true,"href":"https:\/\/www.erkodent.de\/es\/wp-json\/wp\/v2\/users\/1"}],"replies":[{"embeddable":true,"href":"https:\/\/www.erkodent.de\/es\/wp-json\/wp\/v2\/comments?post=4397"}],"version-history":[{"count":10,"href":"https:\/\/www.erkodent.de\/es\/wp-json\/wp\/v2\/pages\/4397\/revisions"}],"predecessor-version":[{"id":8348,"href":"https:\/\/www.erkodent.de\/es\/wp-json\/wp\/v2\/pages\/4397\/revisions\/8348"}],"up":[{"embeddable":true,"href":"https:\/\/www.erkodent.de\/es\/wp-json\/wp\/v2\/pages\/4378"}],"wp:attachment":[{"href":"https:\/\/www.erkodent.de\/es\/wp-json\/wp\/v2\/media?parent=4397"}],"curies":[{"name":"wp","href":"https:\/\/api.w.org\/{rel}","templated":true}]}}