{"id":4408,"date":"2018-07-05T16:25:43","date_gmt":"2018-07-05T14:25:43","guid":{"rendered":"https:\/\/www.erkodent.de\/tiefziehgeraete\/"},"modified":"2026-01-28T18:54:15","modified_gmt":"2026-01-28T17:54:15","slug":"termoformadoras","status":"publish","type":"page","link":"https:\/\/www.erkodent.de\/es\/productos\/termoformadoras\/","title":{"rendered":"Termoformadoras"},"content":{"rendered":"\n<p>produce excelentes dispositivos de vac\u00edo y dispositivos a presi\u00f3n de confianza. En termoformaci\u00f3n sus dispositivos de vaci\u00f3 as\u00ed como los dispositivos a presi\u00f3n de Erkodent se logra excelentes resultados. Cuando tiene la intenci\u00f3n de imprimir la pieza antagonista directamente durante el termoformado, le recomendamos la combinaci\u00f3n del dispositivo de vac\u00edo Erkoform (3ra serie) con nuestro integrable occludator Occluform-3.<\/p>\n","protected":false},"excerpt":{"rendered":"<p>produce excelentes dispositivos de vac\u00edo y dispositivos a presi\u00f3n de confianza. En termoformaci\u00f3n sus dispositivos de vaci\u00f3 as\u00ed como los dispositivos a presi\u00f3n de Erkodent se logra excelentes resultados. Cuando tiene la intenci\u00f3n de imprimir la pieza antagonista directamente durante el termoformado, le recomendamos la combinaci\u00f3n del dispositivo de vac\u00edo Erkoform (3ra serie) con nuestro [&hellip;]<\/p>\n","protected":false},"author":1,"featured_media":0,"parent":4490,"menu_order":0,"comment_status":"closed","ping_status":"closed","template":"product_list.php","meta":{"_acf_changed":false,"footnotes":""},"class_list":["post-4408","page","type-page","status-publish","hentry"],"acf":[],"_links":{"self":[{"href":"https:\/\/www.erkodent.de\/es\/wp-json\/wp\/v2\/pages\/4408"}],"collection":[{"href":"https:\/\/www.erkodent.de\/es\/wp-json\/wp\/v2\/pages"}],"about":[{"href":"https:\/\/www.erkodent.de\/es\/wp-json\/wp\/v2\/types\/page"}],"author":[{"embeddable":true,"href":"https:\/\/www.erkodent.de\/es\/wp-json\/wp\/v2\/users\/1"}],"replies":[{"embeddable":true,"href":"https:\/\/www.erkodent.de\/es\/wp-json\/wp\/v2\/comments?post=4408"}],"version-history":[{"count":17,"href":"https:\/\/www.erkodent.de\/es\/wp-json\/wp\/v2\/pages\/4408\/revisions"}],"predecessor-version":[{"id":8796,"href":"https:\/\/www.erkodent.de\/es\/wp-json\/wp\/v2\/pages\/4408\/revisions\/8796"}],"up":[{"embeddable":true,"href":"https:\/\/www.erkodent.de\/es\/wp-json\/wp\/v2\/pages\/4490"}],"wp:attachment":[{"href":"https:\/\/www.erkodent.de\/es\/wp-json\/wp\/v2\/media?parent=4408"}],"curies":[{"name":"wp","href":"https:\/\/api.w.org\/{rel}","templated":true}]}}