{"id":4510,"date":"2018-07-27T10:08:08","date_gmt":"2018-07-27T08:08:08","guid":{"rendered":"https:\/\/www.erkodent.de\/productos\/anwendungen\/"},"modified":"2024-06-25T16:13:02","modified_gmt":"2024-06-25T14:13:02","slug":"aplicaciones-video","status":"publish","type":"page","link":"https:\/\/www.erkodent.de\/es\/productos\/aplicaciones-video\/","title":{"rendered":"Aplicaciones \/ V\u00eddeos"},"content":{"rendered":"\n<p>Erkodent ofrece la materia optima para cualquier necesidad. En nuestro amplio&nbsp;<a href=\"https:\/\/www.erkodent.de\/wp-content\/documents\/products\/tztbrosch_DE.pdf\" target=\"_blank\" rel=\"noopener\">Manual de termoformado<\/a> Ud. encuentre para las siguientes utilizaciones la instrucci\u00f3n correspondiente con accesorios y recomendaciones. De casi todas instrucciones tenemos videos (vea download), que demuestran la utilizaci\u00f3n paso por paso. Las instrucciones demostrados son propuestas del equipo de desarrollo de la empresa Erkodent. El tema t\u00e9cnica de termoformaci\u00f3n asi como las indicaciones de producci\u00f3n son m\u00e1s amplios de que se pueda demostrar.<\/p>\n","protected":false},"excerpt":{"rendered":"<p>Erkodent ofrece la materia optima para cualquier necesidad. En nuestro amplio&nbsp;Manual de termoformado Ud. encuentre para las siguientes utilizaciones la instrucci\u00f3n correspondiente con accesorios y recomendaciones. De casi todas instrucciones tenemos videos (vea download), que demuestran la utilizaci\u00f3n paso por paso. Las instrucciones demostrados son propuestas del equipo de desarrollo de la empresa Erkodent. El [&hellip;]<\/p>\n","protected":false},"author":1,"featured_media":0,"parent":4490,"menu_order":0,"comment_status":"closed","ping_status":"closed","template":"tpl-database.php","meta":{"_acf_changed":false,"footnotes":""},"class_list":["post-4510","page","type-page","status-publish","hentry"],"acf":[],"_links":{"self":[{"href":"https:\/\/www.erkodent.de\/es\/wp-json\/wp\/v2\/pages\/4510"}],"collection":[{"href":"https:\/\/www.erkodent.de\/es\/wp-json\/wp\/v2\/pages"}],"about":[{"href":"https:\/\/www.erkodent.de\/es\/wp-json\/wp\/v2\/types\/page"}],"author":[{"embeddable":true,"href":"https:\/\/www.erkodent.de\/es\/wp-json\/wp\/v2\/users\/1"}],"replies":[{"embeddable":true,"href":"https:\/\/www.erkodent.de\/es\/wp-json\/wp\/v2\/comments?post=4510"}],"version-history":[{"count":6,"href":"https:\/\/www.erkodent.de\/es\/wp-json\/wp\/v2\/pages\/4510\/revisions"}],"predecessor-version":[{"id":7762,"href":"https:\/\/www.erkodent.de\/es\/wp-json\/wp\/v2\/pages\/4510\/revisions\/7762"}],"up":[{"embeddable":true,"href":"https:\/\/www.erkodent.de\/es\/wp-json\/wp\/v2\/pages\/4490"}],"wp:attachment":[{"href":"https:\/\/www.erkodent.de\/es\/wp-json\/wp\/v2\/media?parent=4510"}],"curies":[{"name":"wp","href":"https:\/\/api.w.org\/{rel}","templated":true}]}}