{"id":4623,"date":"2018-07-26T17:11:12","date_gmt":"2018-07-26T15:11:12","guid":{"rendered":"https:\/\/www.erkodent.de\/aktuell\/workshops\/"},"modified":"2021-02-17T11:22:37","modified_gmt":"2021-02-17T10:22:37","slug":"talleres","status":"publish","type":"page","link":"https:\/\/www.erkodent.de\/es\/actual\/talleres\/","title":{"rendered":"Entrenamientos \/ Talleres"},"content":{"rendered":"<p>Si est\u00e1 interesado en una formaci\u00f3n o unas pr\u00e1cticas en Erkodent, p\u00f3ngase en contacto con nosotros en <a class=\"moz-txt-link-abbreviated\" href=\"mailto:info@erkodent.com\">info@erkodent.com<\/a>.<\/p>\n","protected":false},"excerpt":{"rendered":"<p>Si est\u00e1 interesado en una formaci\u00f3n o unas pr\u00e1cticas en Erkodent, p\u00f3ngase en contacto con nosotros en info@erkodent.com.<\/p>\n","protected":false},"author":1,"featured_media":0,"parent":1928,"menu_order":0,"comment_status":"closed","ping_status":"closed","template":"","meta":{"_acf_changed":false,"footnotes":""},"class_list":["post-4623","page","type-page","status-publish","hentry"],"acf":[],"_links":{"self":[{"href":"https:\/\/www.erkodent.de\/es\/wp-json\/wp\/v2\/pages\/4623"}],"collection":[{"href":"https:\/\/www.erkodent.de\/es\/wp-json\/wp\/v2\/pages"}],"about":[{"href":"https:\/\/www.erkodent.de\/es\/wp-json\/wp\/v2\/types\/page"}],"author":[{"embeddable":true,"href":"https:\/\/www.erkodent.de\/es\/wp-json\/wp\/v2\/users\/1"}],"replies":[{"embeddable":true,"href":"https:\/\/www.erkodent.de\/es\/wp-json\/wp\/v2\/comments?post=4623"}],"version-history":[{"count":5,"href":"https:\/\/www.erkodent.de\/es\/wp-json\/wp\/v2\/pages\/4623\/revisions"}],"predecessor-version":[{"id":6084,"href":"https:\/\/www.erkodent.de\/es\/wp-json\/wp\/v2\/pages\/4623\/revisions\/6084"}],"up":[{"embeddable":true,"href":"https:\/\/www.erkodent.de\/es\/wp-json\/wp\/v2\/pages\/1928"}],"wp:attachment":[{"href":"https:\/\/www.erkodent.de\/es\/wp-json\/wp\/v2\/media?parent=4623"}],"curies":[{"name":"wp","href":"https:\/\/api.w.org\/{rel}","templated":true}]}}