{"id":4642,"date":"2018-07-05T14:25:50","date_gmt":"2018-07-05T12:25:50","guid":{"rendered":"https:\/\/www.erkodent.de\/unternehmen\/"},"modified":"2026-04-29T12:23:34","modified_gmt":"2026-04-29T10:23:34","slug":"empresa","status":"publish","type":"page","link":"https:\/\/www.erkodent.de\/es\/empresa\/","title":{"rendered":"Empresa"},"content":{"rendered":"\n<p>La empresa Erkodent fue fundado en el a\u00f1o <strong>1963<\/strong> por el inventor y dentista Erich Kopp. Producir la mayor parte de sus productos en casa, fue su primer inter\u00e9s. As\u00ed se puede guarantizar la alta calidad de los productos, los cuales se distribuye en todo el mundo.<\/p>\n","protected":false},"excerpt":{"rendered":"<p>La empresa Erkodent fue fundado en el a\u00f1o 1963 por el inventor y dentista Erich Kopp. Producir la mayor parte de sus productos en casa, fue su primer inter\u00e9s. As\u00ed se puede guarantizar la alta calidad de los productos, los cuales se distribuye en todo el mundo.<\/p>\n","protected":false},"author":1,"featured_media":0,"parent":0,"menu_order":0,"comment_status":"closed","ping_status":"closed","template":"","meta":{"_acf_changed":false,"footnotes":""},"class_list":["post-4642","page","type-page","status-publish","hentry"],"acf":[],"_links":{"self":[{"href":"https:\/\/www.erkodent.de\/es\/wp-json\/wp\/v2\/pages\/4642"}],"collection":[{"href":"https:\/\/www.erkodent.de\/es\/wp-json\/wp\/v2\/pages"}],"about":[{"href":"https:\/\/www.erkodent.de\/es\/wp-json\/wp\/v2\/types\/page"}],"author":[{"embeddable":true,"href":"https:\/\/www.erkodent.de\/es\/wp-json\/wp\/v2\/users\/1"}],"replies":[{"embeddable":true,"href":"https:\/\/www.erkodent.de\/es\/wp-json\/wp\/v2\/comments?post=4642"}],"version-history":[{"count":13,"href":"https:\/\/www.erkodent.de\/es\/wp-json\/wp\/v2\/pages\/4642\/revisions"}],"predecessor-version":[{"id":8959,"href":"https:\/\/www.erkodent.de\/es\/wp-json\/wp\/v2\/pages\/4642\/revisions\/8959"}],"wp:attachment":[{"href":"https:\/\/www.erkodent.de\/es\/wp-json\/wp\/v2\/media?parent=4642"}],"curies":[{"name":"wp","href":"https:\/\/api.w.org\/{rel}","templated":true}]}}