{"id":3237,"date":"2018-07-05T14:25:50","date_gmt":"2018-07-05T12:25:50","guid":{"rendered":"https:\/\/www.erkodent.de\/unternehmen\/"},"modified":"2024-06-24T16:41:40","modified_gmt":"2024-06-24T14:41:40","slug":"entreprise","status":"publish","type":"page","link":"https:\/\/www.erkodent.de\/fr\/entreprise\/","title":{"rendered":"Entreprise"},"content":{"rendered":"\n<p>Fond\u00e9e en <strong>1963<\/strong> par l\u2019inventeur et chirurgien-dentiste Erich Kopp, pour qui la production principale assur\u00e9e \u00e0 l\u2019interne est d\u2019une importance essentielle. Les produits subissent un contr\u00f4le de qualit\u00e9 des plus serr\u00e9s et sont distribu\u00e9s dans le monde entier.<\/p>\n","protected":false},"excerpt":{"rendered":"<p>Fond\u00e9e en 1963 par l\u2019inventeur et chirurgien-dentiste Erich Kopp, pour qui la production principale assur\u00e9e \u00e0 l\u2019interne est d\u2019une importance essentielle. Les produits subissent un contr\u00f4le de qualit\u00e9 des plus serr\u00e9s et sont distribu\u00e9s dans le monde entier.<\/p>\n","protected":false},"author":1,"featured_media":0,"parent":0,"menu_order":0,"comment_status":"closed","ping_status":"closed","template":"","meta":{"_acf_changed":false,"footnotes":""},"class_list":["post-3237","page","type-page","status-publish","hentry"],"acf":[],"_links":{"self":[{"href":"https:\/\/www.erkodent.de\/fr\/wp-json\/wp\/v2\/pages\/3237"}],"collection":[{"href":"https:\/\/www.erkodent.de\/fr\/wp-json\/wp\/v2\/pages"}],"about":[{"href":"https:\/\/www.erkodent.de\/fr\/wp-json\/wp\/v2\/types\/page"}],"author":[{"embeddable":true,"href":"https:\/\/www.erkodent.de\/fr\/wp-json\/wp\/v2\/users\/1"}],"replies":[{"embeddable":true,"href":"https:\/\/www.erkodent.de\/fr\/wp-json\/wp\/v2\/comments?post=3237"}],"version-history":[{"count":16,"href":"https:\/\/www.erkodent.de\/fr\/wp-json\/wp\/v2\/pages\/3237\/revisions"}],"predecessor-version":[{"id":7739,"href":"https:\/\/www.erkodent.de\/fr\/wp-json\/wp\/v2\/pages\/3237\/revisions\/7739"}],"wp:attachment":[{"href":"https:\/\/www.erkodent.de\/fr\/wp-json\/wp\/v2\/media?parent=3237"}],"curies":[{"name":"wp","href":"https:\/\/api.w.org\/{rel}","templated":true}]}}