{"id":3243,"date":"2018-07-05T14:28:21","date_gmt":"2018-07-05T12:28:21","guid":{"rendered":"https:\/\/www.erkodent.de\/unternehmen\/historie\/"},"modified":"2020-04-04T09:55:24","modified_gmt":"2020-04-04T07:55:24","slug":"historie","status":"publish","type":"page","link":"https:\/\/www.erkodent.de\/fr\/entreprise\/historie\/","title":{"rendered":"Histoire"},"content":{"rendered":"<p>Le fondateur, Erich Kopp, a travaill\u00e9 pendant la guerre en tant que stagiaire dans un cabinet dentaire en Russie. L\u00e0-bas, ses premi\u00e8res id\u00e9es des futures inventions \u00e9taient d\u00e9j\u00e0 pens\u00e9es.<\/p>\n","protected":false},"excerpt":{"rendered":"<p>Le fondateur, Erich Kopp, a travaill\u00e9 pendant la guerre en tant que stagiaire dans un cabinet dentaire en Russie. L\u00e0-bas, ses premi\u00e8res id\u00e9es des futures inventions \u00e9taient d\u00e9j\u00e0 pens\u00e9es.<\/p>\n","protected":false},"author":1,"featured_media":0,"parent":3237,"menu_order":0,"comment_status":"closed","ping_status":"closed","template":"","meta":{"_acf_changed":false,"footnotes":""},"class_list":["post-3243","page","type-page","status-publish","hentry"],"acf":[],"_links":{"self":[{"href":"https:\/\/www.erkodent.de\/fr\/wp-json\/wp\/v2\/pages\/3243"}],"collection":[{"href":"https:\/\/www.erkodent.de\/fr\/wp-json\/wp\/v2\/pages"}],"about":[{"href":"https:\/\/www.erkodent.de\/fr\/wp-json\/wp\/v2\/types\/page"}],"author":[{"embeddable":true,"href":"https:\/\/www.erkodent.de\/fr\/wp-json\/wp\/v2\/users\/1"}],"replies":[{"embeddable":true,"href":"https:\/\/www.erkodent.de\/fr\/wp-json\/wp\/v2\/comments?post=3243"}],"version-history":[{"count":5,"href":"https:\/\/www.erkodent.de\/fr\/wp-json\/wp\/v2\/pages\/3243\/revisions"}],"predecessor-version":[{"id":4149,"href":"https:\/\/www.erkodent.de\/fr\/wp-json\/wp\/v2\/pages\/3243\/revisions\/4149"}],"up":[{"embeddable":true,"href":"https:\/\/www.erkodent.de\/fr\/wp-json\/wp\/v2\/pages\/3237"}],"wp:attachment":[{"href":"https:\/\/www.erkodent.de\/fr\/wp-json\/wp\/v2\/media?parent=3243"}],"curies":[{"name":"wp","href":"https:\/\/api.w.org\/{rel}","templated":true}]}}