{"id":3312,"date":"2018-07-05T16:25:43","date_gmt":"2018-07-05T14:25:43","guid":{"rendered":"https:\/\/www.erkodent.de\/produkte\/tiefziehgeraete\/"},"modified":"2026-01-28T18:56:10","modified_gmt":"2026-01-28T17:56:10","slug":"appareils-thermoformage","status":"publish","type":"page","link":"https:\/\/www.erkodent.de\/fr\/produits\/appareils-thermoformage\/","title":{"rendered":"Appareils de thermoformage"},"content":{"rendered":"\n<p>Erkodent fabrique des appareils fiables \u00e0 vide et \u00e0 air comprim\u00e9. Des r\u00e9sultats de thermoformage de haute qualit\u00e9 peuvent \u00eatre obtenus avec les dispositifs de vide Erkodent ainsi qu\u2019avec les dispositifs d\u2019air comprim\u00e9. Si vous souhaitez impressioner l\u2019antagoniste lors de l\u2019emboutissage en une seule op\u00e9ration, nous vous recommandons la combinaison de notre appareil Erkoform sous vide (s\u00e9rie 3) avec notre occluseur int\u00e9grable Occluform-3.<\/p>\n","protected":false},"excerpt":{"rendered":"<p>Erkodent fabrique des appareils fiables \u00e0 vide et \u00e0 air comprim\u00e9. Des r\u00e9sultats de thermoformage de haute qualit\u00e9 peuvent \u00eatre obtenus avec les dispositifs de vide Erkodent ainsi qu\u2019avec les dispositifs d\u2019air comprim\u00e9. Si vous souhaitez impressioner l\u2019antagoniste lors de l\u2019emboutissage en une seule op\u00e9ration, nous vous recommandons la combinaison de notre appareil Erkoform sous [&hellip;]<\/p>\n","protected":false},"author":1,"featured_media":0,"parent":3290,"menu_order":0,"comment_status":"closed","ping_status":"closed","template":"product_list.php","meta":{"_acf_changed":false,"footnotes":""},"class_list":["post-3312","page","type-page","status-publish","hentry"],"acf":[],"_links":{"self":[{"href":"https:\/\/www.erkodent.de\/fr\/wp-json\/wp\/v2\/pages\/3312"}],"collection":[{"href":"https:\/\/www.erkodent.de\/fr\/wp-json\/wp\/v2\/pages"}],"about":[{"href":"https:\/\/www.erkodent.de\/fr\/wp-json\/wp\/v2\/types\/page"}],"author":[{"embeddable":true,"href":"https:\/\/www.erkodent.de\/fr\/wp-json\/wp\/v2\/users\/1"}],"replies":[{"embeddable":true,"href":"https:\/\/www.erkodent.de\/fr\/wp-json\/wp\/v2\/comments?post=3312"}],"version-history":[{"count":18,"href":"https:\/\/www.erkodent.de\/fr\/wp-json\/wp\/v2\/pages\/3312\/revisions"}],"predecessor-version":[{"id":8799,"href":"https:\/\/www.erkodent.de\/fr\/wp-json\/wp\/v2\/pages\/3312\/revisions\/8799"}],"up":[{"embeddable":true,"href":"https:\/\/www.erkodent.de\/fr\/wp-json\/wp\/v2\/pages\/3290"}],"wp:attachment":[{"href":"https:\/\/www.erkodent.de\/fr\/wp-json\/wp\/v2\/media?parent=3312"}],"curies":[{"name":"wp","href":"https:\/\/api.w.org\/{rel}","templated":true}]}}