{"id":3336,"date":"2018-07-27T10:20:39","date_gmt":"2018-07-27T08:20:39","guid":{"rendered":"https:\/\/www.erkodent.de\/produkte\/appareils-thermoformage\/erkopress_ci_motion\/"},"modified":"2024-07-31T15:14:11","modified_gmt":"2024-07-31T13:14:11","slug":"erkopress-ci-motion","status":"publish","type":"page","link":"https:\/\/www.erkodent.de\/fr\/produits\/appareils-thermoformage\/erkopress-ci-motion\/","title":{"rendered":"Erkopress ci motion"},"content":{"rendered":"\n<p>Appareil sous pression avec processus de thermoformage automatis\u00e9 avec autonome g\u00e9n\u00e9ration int\u00e9gr\u00e9e d\u2019air comprim\u00e9.<\/p>\n","protected":false},"excerpt":{"rendered":"<p>Appareil sous pression avec processus de thermoformage automatis\u00e9 avec autonome g\u00e9n\u00e9ration int\u00e9gr\u00e9e d\u2019air comprim\u00e9.<\/p>\n","protected":false},"author":1,"featured_media":0,"parent":3312,"menu_order":0,"comment_status":"closed","ping_status":"closed","template":"tpl-product_single.php","meta":{"_acf_changed":false,"footnotes":""},"class_list":["post-3336","page","type-page","status-publish","hentry"],"acf":[],"_links":{"self":[{"href":"https:\/\/www.erkodent.de\/fr\/wp-json\/wp\/v2\/pages\/3336"}],"collection":[{"href":"https:\/\/www.erkodent.de\/fr\/wp-json\/wp\/v2\/pages"}],"about":[{"href":"https:\/\/www.erkodent.de\/fr\/wp-json\/wp\/v2\/types\/page"}],"author":[{"embeddable":true,"href":"https:\/\/www.erkodent.de\/fr\/wp-json\/wp\/v2\/users\/1"}],"replies":[{"embeddable":true,"href":"https:\/\/www.erkodent.de\/fr\/wp-json\/wp\/v2\/comments?post=3336"}],"version-history":[{"count":4,"href":"https:\/\/www.erkodent.de\/fr\/wp-json\/wp\/v2\/pages\/3336\/revisions"}],"predecessor-version":[{"id":7916,"href":"https:\/\/www.erkodent.de\/fr\/wp-json\/wp\/v2\/pages\/3336\/revisions\/7916"}],"up":[{"embeddable":true,"href":"https:\/\/www.erkodent.de\/fr\/wp-json\/wp\/v2\/pages\/3312"}],"wp:attachment":[{"href":"https:\/\/www.erkodent.de\/fr\/wp-json\/wp\/v2\/media?parent=3336"}],"curies":[{"name":"wp","href":"https:\/\/api.w.org\/{rel}","templated":true}]}}