{"id":3377,"date":"2018-07-27T10:12:12","date_gmt":"2018-07-27T08:12:12","guid":{"rendered":"https:\/\/www.erkodent.de\/produkte\/tiefziehmaterial\/oxydens\/"},"modified":"2024-06-24T17:02:14","modified_gmt":"2024-06-24T15:02:14","slug":"oxydens","status":"publish","type":"page","link":"https:\/\/www.erkodent.de\/fr\/produits\/plaques-thermoformables\/oxydens\/","title":{"rendered":"Oxydens"},"content":{"rendered":"\n<p>Un syst\u00e8me de nettoyage test\u00e9 intensivement pour toutes les goutti\u00e8res dentaires r\u00e9alis\u00e9es par la technique de thermoformage Erkodent comme par ex. des goutti\u00e8res de grincement, des prot\u00e8ges-dents Playsafe, des protections contre le ronflement Silensor-sl, des appareils orthodontiques, des goutti\u00e8res de correction, des attachements, des proth\u00e8ses et autres.<\/p>\n\n\n\n<ul class=\"wp-block-list\">\n<li>enl\u00e8ve la plaque et des d\u00eap\u00f4ts min\u00e9raux<\/li>\n\n\n\n<li>enl\u00e8ve des odeurs<\/li>\n\n\n\n<li>pour des goutti\u00e8res fra\u00eeches et propres<\/li>\n\n\n\n<li>pr\u00e9vient les d\u00e9colorations<\/li>\n\n\n\n<li>Oxydens Clean-set pratique pour un maniement et stockage hygi\u00e9nique<\/li>\n<\/ul>\n","protected":false},"excerpt":{"rendered":"<p>Un syst\u00e8me de nettoyage test\u00e9 intensivement pour toutes les goutti\u00e8res dentaires r\u00e9alis\u00e9es par la technique de thermoformage Erkodent comme par ex. des goutti\u00e8res de grincement, des prot\u00e8ges-dents Playsafe, des protections contre le ronflement Silensor-sl, des appareils orthodontiques, des goutti\u00e8res de correction, des attachements, des proth\u00e8ses et autres.<\/p>\n","protected":false},"author":1,"featured_media":0,"parent":3363,"menu_order":0,"comment_status":"closed","ping_status":"closed","template":"product_list.php","meta":{"_acf_changed":false,"footnotes":""},"class_list":["post-3377","page","type-page","status-publish","hentry"],"acf":[],"_links":{"self":[{"href":"https:\/\/www.erkodent.de\/fr\/wp-json\/wp\/v2\/pages\/3377"}],"collection":[{"href":"https:\/\/www.erkodent.de\/fr\/wp-json\/wp\/v2\/pages"}],"about":[{"href":"https:\/\/www.erkodent.de\/fr\/wp-json\/wp\/v2\/types\/page"}],"author":[{"embeddable":true,"href":"https:\/\/www.erkodent.de\/fr\/wp-json\/wp\/v2\/users\/1"}],"replies":[{"embeddable":true,"href":"https:\/\/www.erkodent.de\/fr\/wp-json\/wp\/v2\/comments?post=3377"}],"version-history":[{"count":3,"href":"https:\/\/www.erkodent.de\/fr\/wp-json\/wp\/v2\/pages\/3377\/revisions"}],"predecessor-version":[{"id":7751,"href":"https:\/\/www.erkodent.de\/fr\/wp-json\/wp\/v2\/pages\/3377\/revisions\/7751"}],"up":[{"embeddable":true,"href":"https:\/\/www.erkodent.de\/fr\/wp-json\/wp\/v2\/pages\/3363"}],"wp:attachment":[{"href":"https:\/\/www.erkodent.de\/fr\/wp-json\/wp\/v2\/media?parent=3377"}],"curies":[{"name":"wp","href":"https:\/\/api.w.org\/{rel}","templated":true}]}}