{"id":3390,"date":"2018-07-27T10:08:08","date_gmt":"2018-07-27T08:08:08","guid":{"rendered":"https:\/\/www.erkodent.de\/produkte\/anwendungen\/"},"modified":"2024-06-24T17:00:32","modified_gmt":"2024-06-24T15:00:32","slug":"applications-videos","status":"publish","type":"page","link":"https:\/\/www.erkodent.de\/fr\/produits\/applications-videos\/","title":{"rendered":"Applications \/ Vid\u00e9os"},"content":{"rendered":"\n<p>Erkodent&nbsp;offre le mat\u00e9riau optimal pour chaque application. Dans notre <a href=\"https:\/\/www.erkodent.de\/wp-content\/documents\/products\/tztbrosch_DE.pdf\" target=\"_blank\" rel=\"noopener\">brochure d\u00e9taill\u00e9e sur le thermoformage<\/a>, vous trouverez pour les applications list\u00e9es ci-dessous les instructions correspondantes avec des outils et des conseils. Pour presque toutes les applications, nous avons cr\u00e9\u00e9 des vid\u00e9os (voir le t\u00e9l\u00e9chargement) dans lesquelles les applications sont d\u00e9crites \u00e9tape par \u00e9tape. Les instructions affich\u00e9es doivent \u00eatre comprises comme des suggestions de l\u2019\u00e9quipe de d\u00e9veloppement de la soci\u00e9t\u00e9 Erkodent. L&rsquo;application de la technique de thermoformage, ainsi que les instructions de mise en oeuvre ne sont pas toutes illustr\u00e9es.<\/p>\n","protected":false},"excerpt":{"rendered":"<p>Erkodent&nbsp;offre le mat\u00e9riau optimal pour chaque application. Dans notre brochure d\u00e9taill\u00e9e sur le thermoformage, vous trouverez pour les applications list\u00e9es ci-dessous les instructions correspondantes avec des outils et des conseils. Pour presque toutes les applications, nous avons cr\u00e9\u00e9 des vid\u00e9os (voir le t\u00e9l\u00e9chargement) dans lesquelles les applications sont d\u00e9crites \u00e9tape par \u00e9tape. Les instructions affich\u00e9es [&hellip;]<\/p>\n","protected":false},"author":1,"featured_media":0,"parent":3290,"menu_order":0,"comment_status":"closed","ping_status":"closed","template":"tpl-database.php","meta":{"_acf_changed":false,"footnotes":""},"class_list":["post-3390","page","type-page","status-publish","hentry"],"acf":[],"_links":{"self":[{"href":"https:\/\/www.erkodent.de\/fr\/wp-json\/wp\/v2\/pages\/3390"}],"collection":[{"href":"https:\/\/www.erkodent.de\/fr\/wp-json\/wp\/v2\/pages"}],"about":[{"href":"https:\/\/www.erkodent.de\/fr\/wp-json\/wp\/v2\/types\/page"}],"author":[{"embeddable":true,"href":"https:\/\/www.erkodent.de\/fr\/wp-json\/wp\/v2\/users\/1"}],"replies":[{"embeddable":true,"href":"https:\/\/www.erkodent.de\/fr\/wp-json\/wp\/v2\/comments?post=3390"}],"version-history":[{"count":5,"href":"https:\/\/www.erkodent.de\/fr\/wp-json\/wp\/v2\/pages\/3390\/revisions"}],"predecessor-version":[{"id":7747,"href":"https:\/\/www.erkodent.de\/fr\/wp-json\/wp\/v2\/pages\/3390\/revisions\/7747"}],"up":[{"embeddable":true,"href":"https:\/\/www.erkodent.de\/fr\/wp-json\/wp\/v2\/pages\/3290"}],"wp:attachment":[{"href":"https:\/\/www.erkodent.de\/fr\/wp-json\/wp\/v2\/media?parent=3390"}],"curies":[{"name":"wp","href":"https:\/\/api.w.org\/{rel}","templated":true}]}}