{"id":3453,"date":"2018-07-26T17:29:56","date_gmt":"2018-07-26T15:29:56","guid":{"rendered":"https:\/\/www.erkodent.de\/produkte\/playsafe-sportmundschutz\/playsafe-4u\/"},"modified":"2024-06-25T17:04:18","modified_gmt":"2024-06-25T15:04:18","slug":"playsafe-4u","status":"publish","type":"page","link":"https:\/\/www.erkodent.de\/fr\/produits\/playsafe-protege-dents\/playsafe-4u\/","title":{"rendered":"Configurer Playsafe 4u"},"content":{"rendered":"\n<p>R\u00e9aliser votre prot\u00e8ge-dents Playsafe avec un dessin extraordinaire ou avec votre propre dessin individuel. Pour cela proc\u00e9der comme suit: S\u00e9lectionner dessin de choix ou envoyer votre propre dessin \u00e0 Erkodent. Erkodent n\u2019a besoin que des donn\u00e9es sous la forme d\u2019un document jpg ou png (300 dpi!). L\u2019impression sera effectu\u00e9e imm\u00e9diatement et envoy\u00e9e par lettre au client.<\/p>\n\n\n\n<ul class=\"wp-block-list\">\n<li>Jusqu\u2019\u00e0 2 logos sont imprim\u00e9s sur une feuille Erkoflex de grandeur 40 x 60 mm.<\/li>\n\n\n\n<li>Jusqu\u2018\u00e0 14 logos sont imprim\u00e9s sur une feuille Erkoflex de grandeur 125 \u00d7 125 mm.<\/li>\n\n\n\n<li>Pour plus de 4 impressions la feuille la plus grande est recommand\u00e9e, nous d\u00e9ciderons pour vous.<\/li>\n\n\n\n<li>Les feuilles sont faites du mat\u00e9riau Erkoflex transparent en \u00e9paisseur 0,7 mm.<\/li>\n<\/ul>\n","protected":false},"excerpt":{"rendered":"<p>R\u00e9aliser votre prot\u00e8ge-dents Playsafe avec un dessin extraordinaire ou avec votre propre dessin individuel. Pour cela proc\u00e9der comme suit: S\u00e9lectionner dessin de choix ou envoyer votre propre dessin \u00e0 Erkodent. Erkodent n\u2019a besoin que des donn\u00e9es sous la forme d\u2019un document jpg ou png (300 dpi!). L\u2019impression sera effectu\u00e9e imm\u00e9diatement et envoy\u00e9e par lettre au [&hellip;]<\/p>\n","protected":false},"author":1,"featured_media":0,"parent":3394,"menu_order":0,"comment_status":"closed","ping_status":"closed","template":"page-playsafe-4u.php","meta":{"_acf_changed":false,"footnotes":""},"class_list":["post-3453","page","type-page","status-publish","hentry"],"acf":[],"_links":{"self":[{"href":"https:\/\/www.erkodent.de\/fr\/wp-json\/wp\/v2\/pages\/3453"}],"collection":[{"href":"https:\/\/www.erkodent.de\/fr\/wp-json\/wp\/v2\/pages"}],"about":[{"href":"https:\/\/www.erkodent.de\/fr\/wp-json\/wp\/v2\/types\/page"}],"author":[{"embeddable":true,"href":"https:\/\/www.erkodent.de\/fr\/wp-json\/wp\/v2\/users\/1"}],"replies":[{"embeddable":true,"href":"https:\/\/www.erkodent.de\/fr\/wp-json\/wp\/v2\/comments?post=3453"}],"version-history":[{"count":8,"href":"https:\/\/www.erkodent.de\/fr\/wp-json\/wp\/v2\/pages\/3453\/revisions"}],"predecessor-version":[{"id":7819,"href":"https:\/\/www.erkodent.de\/fr\/wp-json\/wp\/v2\/pages\/3453\/revisions\/7819"}],"up":[{"embeddable":true,"href":"https:\/\/www.erkodent.de\/fr\/wp-json\/wp\/v2\/pages\/3394"}],"wp:attachment":[{"href":"https:\/\/www.erkodent.de\/fr\/wp-json\/wp\/v2\/media?parent=3453"}],"curies":[{"name":"wp","href":"https:\/\/api.w.org\/{rel}","templated":true}]}}