{"id":3457,"date":"2018-07-27T10:02:04","date_gmt":"2018-07-27T08:02:04","guid":{"rendered":"https:\/\/www.erkodent.de\/produkte\/playsafe-sportmundschutz\/playsafe-konfigurator\/"},"modified":"2024-06-25T17:11:25","modified_gmt":"2024-06-25T15:11:25","slug":"configurer-playsafe","status":"publish","type":"page","link":"https:\/\/www.erkodent.de\/fr\/produits\/playsafe-protege-dents\/configurer-playsafe\/","title":{"rendered":"Configurer Playsafe"},"content":{"rendered":"\n<p>Uniquement pour les fabricants, pas pour les sportifs:<\/p>\n\n\n\n<p>Composer votre jeu ou votre plaque individuelle \u00e0 plusieurs couleurs et commander sur demande! La pr\u00e9visualisation montre \u00e0 quoi votre prot\u00e8ge-dents Playsafe fini pourrait ressembler.<\/p>\n","protected":false},"excerpt":{"rendered":"<p>Uniquement pour les fabricants, pas pour les sportifs: Composer votre jeu ou votre plaque individuelle \u00e0 plusieurs couleurs et commander sur demande! La pr\u00e9visualisation montre \u00e0 quoi votre prot\u00e8ge-dents Playsafe fini pourrait ressembler.<\/p>\n","protected":false},"author":1,"featured_media":0,"parent":3394,"menu_order":0,"comment_status":"closed","ping_status":"closed","template":"page-playsafe-konfigurator.php","meta":{"_acf_changed":false,"footnotes":""},"class_list":["post-3457","page","type-page","status-publish","hentry"],"acf":[],"_links":{"self":[{"href":"https:\/\/www.erkodent.de\/fr\/wp-json\/wp\/v2\/pages\/3457"}],"collection":[{"href":"https:\/\/www.erkodent.de\/fr\/wp-json\/wp\/v2\/pages"}],"about":[{"href":"https:\/\/www.erkodent.de\/fr\/wp-json\/wp\/v2\/types\/page"}],"author":[{"embeddable":true,"href":"https:\/\/www.erkodent.de\/fr\/wp-json\/wp\/v2\/users\/1"}],"replies":[{"embeddable":true,"href":"https:\/\/www.erkodent.de\/fr\/wp-json\/wp\/v2\/comments?post=3457"}],"version-history":[{"count":5,"href":"https:\/\/www.erkodent.de\/fr\/wp-json\/wp\/v2\/pages\/3457\/revisions"}],"predecessor-version":[{"id":7825,"href":"https:\/\/www.erkodent.de\/fr\/wp-json\/wp\/v2\/pages\/3457\/revisions\/7825"}],"up":[{"embeddable":true,"href":"https:\/\/www.erkodent.de\/fr\/wp-json\/wp\/v2\/pages\/3394"}],"wp:attachment":[{"href":"https:\/\/www.erkodent.de\/fr\/wp-json\/wp\/v2\/media?parent=3457"}],"curies":[{"name":"wp","href":"https:\/\/api.w.org\/{rel}","templated":true}]}}