{"id":3466,"date":"2018-07-26T17:18:28","date_gmt":"2018-07-26T15:18:28","guid":{"rendered":"https:\/\/www.erkodent.de\/produkte\/silensor-sl\/"},"modified":"2025-07-24T15:59:42","modified_gmt":"2025-07-24T13:59:42","slug":"silensor-sl","status":"publish","type":"page","link":"https:\/\/www.erkodent.de\/fr\/produits\/silensor-sl\/","title":{"rendered":"Silensor-sl"},"content":{"rendered":"\n<p>Le ronflement est g\u00e9n\u00e9r\u00e9 dans la zone des voies respiratoires sup\u00e9rieures. Provoqu\u00e9 par une acc\u00e9l\u00e9ration de l\u2019\u00e9coulement d\u2019air en cas de voies respiratoires \u00e9troites (pharynx\/gorge), la partie souple du tissu commence \u00e0 vibrer et suscite de ronflement. Le Silensor<sup>\u00ae<\/sup>-sl appartient \u00e0 des goutti\u00e8res d\u2019avancement mandibulaires. Ces goutti\u00e8res pr\u00e9viennent que la m\u00e2choire inf\u00e9rieure recule pendant le sommeil. Beaucoup d\u2019\u00e9tudes font preuve de l\u2019efficacit\u00e9 des goutti\u00e8res de protrection mandibulaire et particuli\u00e8rement confort du Silensor<sup>\u00ae<\/sup>-sl. <\/p>\n\n\n\n<p>Le <strong>Silensor\u00ae-sl<\/strong> est un dispositif m\u00e9dical certifi\u00e9 selon <strong>l\u2019article 19, annexe IV du MDR<\/strong> et il est ainsi soumis aux mat\u00e9riaux et \u00e0 la m\u00e9thode de fabrication prescrits par <strong>Erkodent<\/strong>.<\/p>\n\n\n\n<p>Plus d\u2019informations: <a href=\"https:\/\/www.erkodent.de\/wp-content\/documents\/products\/sl_info_FR.pdf\" target=\"_blank\" rel=\"noopener\">Fiche<\/a> d\u2018informations \/ <a href=\"https:\/\/www.erkodent.de\/wp-content\/documents\/products\/sl_flyer_FR.pdf\" target=\"_blank\" rel=\"noopener\">d\u00e9pliant<\/a> pour des patients \/ <a href=\"https:\/\/www.youtube.com\/watch?v=plvS3b90qTU\" target=\"_blank\" rel=\"noreferrer noopener\">Vid\u00e9o<\/a><\/p>\n","protected":false},"excerpt":{"rendered":"<p>Le ronflement est g\u00e9n\u00e9r\u00e9 dans la zone des voies respiratoires sup\u00e9rieures. Provoqu\u00e9 par une acc\u00e9l\u00e9ration de l\u2019\u00e9coulement d\u2019air en cas de voies respiratoires \u00e9troites (pharynx\/gorge), la partie souple du tissu commence \u00e0 vibrer et suscite de ronflement. Le Silensor\u00ae-sl appartient \u00e0 des goutti\u00e8res d\u2019avancement mandibulaires. Ces goutti\u00e8res pr\u00e9viennent que la m\u00e2choire inf\u00e9rieure recule pendant le [&hellip;]<\/p>\n","protected":false},"author":1,"featured_media":0,"parent":3290,"menu_order":0,"comment_status":"closed","ping_status":"closed","template":"product_list.php","meta":{"_acf_changed":false,"footnotes":""},"class_list":["post-3466","page","type-page","status-publish","hentry"],"acf":[],"_links":{"self":[{"href":"https:\/\/www.erkodent.de\/fr\/wp-json\/wp\/v2\/pages\/3466"}],"collection":[{"href":"https:\/\/www.erkodent.de\/fr\/wp-json\/wp\/v2\/pages"}],"about":[{"href":"https:\/\/www.erkodent.de\/fr\/wp-json\/wp\/v2\/types\/page"}],"author":[{"embeddable":true,"href":"https:\/\/www.erkodent.de\/fr\/wp-json\/wp\/v2\/users\/1"}],"replies":[{"embeddable":true,"href":"https:\/\/www.erkodent.de\/fr\/wp-json\/wp\/v2\/comments?post=3466"}],"version-history":[{"count":19,"href":"https:\/\/www.erkodent.de\/fr\/wp-json\/wp\/v2\/pages\/3466\/revisions"}],"predecessor-version":[{"id":8432,"href":"https:\/\/www.erkodent.de\/fr\/wp-json\/wp\/v2\/pages\/3466\/revisions\/8432"}],"up":[{"embeddable":true,"href":"https:\/\/www.erkodent.de\/fr\/wp-json\/wp\/v2\/pages\/3290"}],"wp:attachment":[{"href":"https:\/\/www.erkodent.de\/fr\/wp-json\/wp\/v2\/media?parent=3466"}],"curies":[{"name":"wp","href":"https:\/\/api.w.org\/{rel}","templated":true}]}}