{"id":3514,"date":"2018-07-26T17:11:12","date_gmt":"2018-07-26T15:11:12","guid":{"rendered":"https:\/\/www.erkodent.de\/aktuell\/workshops\/"},"modified":"2020-12-03T16:19:32","modified_gmt":"2020-12-03T15:19:32","slug":"stages","status":"publish","type":"page","link":"https:\/\/www.erkodent.de\/fr\/actuel\/stages\/","title":{"rendered":"Formations \/ stages"},"content":{"rendered":"<p>Si vous \u00eates int\u00e9ress\u00e9 \u00e0 une formation ou un stage chez Erkodent veuillez nous contacter sous <a href=\"mailto:info@erkodent.com\">info@erkodent.com<\/a>.<\/p>\n","protected":false},"excerpt":{"rendered":"<p>Si vous \u00eates int\u00e9ress\u00e9 \u00e0 une formation ou un stage chez Erkodent veuillez nous contacter sous info@erkodent.com.<\/p>\n","protected":false},"author":1,"featured_media":0,"parent":3229,"menu_order":0,"comment_status":"closed","ping_status":"closed","template":"","meta":{"_acf_changed":false,"footnotes":""},"class_list":["post-3514","page","type-page","status-publish","hentry"],"acf":[],"_links":{"self":[{"href":"https:\/\/www.erkodent.de\/fr\/wp-json\/wp\/v2\/pages\/3514"}],"collection":[{"href":"https:\/\/www.erkodent.de\/fr\/wp-json\/wp\/v2\/pages"}],"about":[{"href":"https:\/\/www.erkodent.de\/fr\/wp-json\/wp\/v2\/types\/page"}],"author":[{"embeddable":true,"href":"https:\/\/www.erkodent.de\/fr\/wp-json\/wp\/v2\/users\/1"}],"replies":[{"embeddable":true,"href":"https:\/\/www.erkodent.de\/fr\/wp-json\/wp\/v2\/comments?post=3514"}],"version-history":[{"count":7,"href":"https:\/\/www.erkodent.de\/fr\/wp-json\/wp\/v2\/pages\/3514\/revisions"}],"predecessor-version":[{"id":5389,"href":"https:\/\/www.erkodent.de\/fr\/wp-json\/wp\/v2\/pages\/3514\/revisions\/5389"}],"up":[{"embeddable":true,"href":"https:\/\/www.erkodent.de\/fr\/wp-json\/wp\/v2\/pages\/3229"}],"wp:attachment":[{"href":"https:\/\/www.erkodent.de\/fr\/wp-json\/wp\/v2\/media?parent=3514"}],"curies":[{"name":"wp","href":"https:\/\/api.w.org\/{rel}","templated":true}]}}