{"id":3533,"date":"2018-07-04T13:25:46","date_gmt":"2018-07-04T13:25:46","guid":{"rendered":"https:\/\/www.erkodent.de\/datenschutz\/"},"modified":"2024-06-27T11:31:34","modified_gmt":"2024-06-27T09:31:34","slug":"politique-confidentialite","status":"publish","type":"page","link":"https:\/\/www.erkodent.de\/fr\/politique-confidentialite\/","title":{"rendered":"Politique de confidentialit\u00e9"},"content":{"rendered":"\n<p>Cette politique de confidentialit\u00e9 s&rsquo;applique au traitement de donn\u00e9es par Erkodent Erich Kopp GmbH.<\/p>\n\n\n\n<p>Coordonn\u00e9es du responsable du traitement des donn\u00e9es et du responsable de la protection des donn\u00e9es de l&rsquo;entreprise:<\/p>\n\n\n\n<p><strong>Responsable:<\/strong><\/p>\n\n\n\n<p>Erkodent Erich Kopp GmbH<br>Siemensstra\u00dfe 3<br>72285 Pfalzgrafenweiler<br>mail:&nbsp;<a href=\"mailto:info@erkodent.com\">info@erkodent.com<\/a><br>Tel.: +49 (0) 7445 8501 -0<br>repr\u00e9sent\u00e9 par le directeur g\u00e9n\u00e9ral Hans-Peter Kopp<\/p>\n\n\n\n<p><strong>Responsable de la protection des donn\u00e9es:<\/strong><\/p>\n\n\n\n<p>Notre responsable de la protection des donn\u00e9es d&rsquo;Erkodent Erich Kopp GmbH peut \u00eatre joint \u00e0:<\/p>\n\n\n\n<p>Responsable \u00e0 la protection des donn\u00e9es<br>Erkodent Erich Kopp GmbH<br>Siemensstra\u00dfe 3<br>72285 Pfalzgrafenweiler<br>E-Mail:&nbsp;<a href=\"mailto:datenschutz@erkodent.com\">datenschutz@erkodent.com<\/a><\/p>\n\n\n\n<p><strong>La collecte et le stockage des donn\u00e9es personnelles ainsi que la nature et le but de leur utilisation <\/strong><\/p>\n\n\n\n<p><strong>Lors de la visite du site <\/strong><\/p>\n\n\n\n<p>Lorsque vous visitez notre site Web erkodent.de (.com), le navigateur utilis\u00e9 sur votre appareil envoie automatiquement des informations au serveur de notre site Web. Cette information est temporairement stock\u00e9e dans un soi-disant fichier journal sans votre intervention.<\/p>\n\n\n\n<p>Les informations suivantes sont collect\u00e9es et stock\u00e9es jusqu\u2019\u00e0 la suppression automatique:<\/p>\n\n\n\n<ul class=\"wp-block-list\">\n<li>date et heure d\u2018acc\u00e8s<\/li>\n\n\n\n<li>nom et URL du fichier r\u00e9cup\u00e9r\u00e9<\/li>\n\n\n\n<li>navigateur utilis\u00e9<\/li>\n\n\n\n<li>site \u00e0 partir duquel l\u2019acc\u00e8s a lieu (URL de r\u00e9f\u00e9rence)<\/li>\n<\/ul>\n\n\n\n<p>Les donn\u00e9es mentionn\u00e9es sont trait\u00e9es par nous aux fins suivantes:<\/p>\n\n\n\n<ul class=\"wp-block-list\">\n<li>assurer une connexion en douceur au site Web<\/li>\n\n\n\n<li>assurer une utilisation confortable de notre site Web<\/li>\n\n\n\n<li>\u00e9tendre la s\u00e9curit\u00e9 et la stabilit\u00e9 du syst\u00e8me ainsi que<\/li>\n\n\n\n<li>pour d\u2019autres fins administratives<\/li>\n<\/ul>\n\n\n\n<p>La base juridique du traitement des donn\u00e9es est l&rsquo;article 6, paragraphe 1, page 1, lit f du R\u00e8glement general sur la protection des donn\u00e9es (RGPD).<\/p>\n\n\n\n<p>Notre int\u00e9r\u00eat l\u00e9gitime d\u00e9coule des objectifs de collecte de donn\u00e9es \u00e9num\u00e9r\u00e9s ci-dessus. En aucun cas, nous n&rsquo;utilisons les donn\u00e9es collect\u00e9es dans le but de tirer des conclusions \u00e0 votre personne.<\/p>\n\n\n\n<p><strong>Cookies<\/strong><\/p>\n\n\n\n<p>Les cookies sont des petits fichiers texte qui sont enregistr\u00e9s dans votre ordinateur. Si vous visitez \u00e0 nouveau ce service en ligne, votre navigateur renvoie le contenu des cookies au fournissuer correspondant et permet ainsi une reconnaissance du terminal.&nbsp; L\u2019usage des cookies nous permet d\u2019optimiser et de faciliter pour vous notre offre en ligne.<\/p>\n\n\n\n<p><strong>Google Maps<\/strong><\/p>\n\n\n\n<p>Ce page utilise via un API le service des cartes Google Maps. Le fournisseur est Google LLC, 1600 Amphitheatre Parkway, Mountain View, CA 94043, USA.<\/p>\n\n\n\n<p>Pour utiliser les fonctions de Google Maps, il est n\u00e9cessaire d\u2019enregistrer votre adresse IP. Ces informations sont en g\u00e9n\u00e9ral transmis \u00e0 un serveur de Google LLC dans les \u00c9tats-Unis d&rsquo;Am\u00e9rique et l\u00e0 stock\u00e9. Le fournisseur de ce site n\u2019a aucune influence sur ce transfert de donn\u00e9es.<\/p>\n\n\n\n<p>L\u2019utilisation de Google Maps est dans l\u2019int\u00e9r\u00eat d\u2019une pr\u00e9sentation attrayante de nos offres en ligne et d\u2019une facilit\u00e9 de recherche des lieux indiqu\u00e9s par nous sur le site. Cela constitue un int\u00e9r\u00eat l\u00e9gitime primordial de notre part au sens de l\u2019article 6, paragraphe 1, lit. f DSGVO.<\/p>\n\n\n\n<p>Pour plus d&rsquo;informations sur le traitement des donn\u00e9es utilisateur, consultez les r\u00e8gles de confidentialit\u00e9 de Google: https:\/\/www.google.com\/intl\/fr\/policies\/privacy\/.<\/p>\n\n\n\n<p><strong>Demandes par e-mail<\/strong><\/p>\n\n\n\n<p>Pour les demandes par e-mail, votre adresse e-mail sera envoy\u00e9e automatiquement. Cette adresse sera utilis\u00e9e pour notre r\u00e9ponse. Votre demande par e-mail restera stock\u00e9e conform\u00e9ment aux obligations l\u00e9gales de stockage et de documentation. Si votre demande contient d&rsquo;autres donn\u00e9es personnelles pour l&rsquo;ouverture d&rsquo;une relation d&rsquo;affaires, nous obtiendrons votre consentement pour le traitement des donn\u00e9es. Si votre courrier ouvre imm\u00e9diatement la relation d&rsquo;affaires, nous stockons ces donn\u00e9es pour l&rsquo;ex\u00e9cution des obligations contractuelles (article 6, paragraphe 1, page 1, lit f RGPD)<\/p>\n\n\n\n<p><strong>Transfert de donn\u00e9es<\/strong><\/p>\n\n\n\n<p>Un transfert de vos donn\u00e9es personnelles \u00e0 des tiers \u00e0 des fins autres que celles \u00e9num\u00e9r\u00e9es ci-dessous n&rsquo;a pas lieu. Nous ne divulguons vos informations personnelles \u00e0 des tiers que si<\/p>\n\n\n\n<ul class=\"wp-block-list\">\n<li>vous avez donn\u00e9 votre consentement expr\u00e8s \u00e0 cela selon l\u2019article 6, paragraphe 1, page 1, lit. a RGPD<\/li>\n\n\n\n<li>la divulgation conform\u00e9ment \u00e0 l&rsquo;article 6, paragraphe 1, page 1, lit. f RGPD est n\u00e9cessaire pour faire valoir, exercer ou d\u00e9fendre des r\u00e9clamations l\u00e9gales et il n&rsquo;y a aucune raison de supposer que vous avez un int\u00e9r\u00eat principalement l\u00e9gitime \u00e0 ne pas divulguer vos donn\u00e9es<\/li>\n\n\n\n<li>pour le transfert selon l\u2019article 6, paragraphe 1, page 1, lit. c RGPD il existe une obligation l\u00e9gale, comme le permet la loi et conform\u00e9ment \u00e0 l&rsquo;article 6, paragraphe 1, page 1, lit b RGPD est requis pour le r\u00e8glement des relations contractuelles avec vous<\/li>\n<\/ul>\n\n\n\n<p><strong>Vos droits en mati\u00e8re de protection des donn\u00e9es<\/strong><\/p>\n\n\n\n<p><strong>En tant que personne affect\u00e9e, vous avez le droit<\/strong><\/p>\n\n\n\n<ul class=\"wp-block-list\">\n<li>conform\u00e9ment \u00e0 l&rsquo;article 15 RGPD, de demander des informations sur vos donn\u00e9es personnelles trait\u00e9es par nous. Vous pouvez notamment demander des informations sur les finalit\u00e9s du traitement, la cat\u00e9gorie des donn\u00e9es personnelles, les cat\u00e9gories de destinataires auxquels vos donn\u00e9es ont \u00e9t\u00e9 divulgu\u00e9es, la p\u00e9riode de conservation pr\u00e9vue, le droit de rectification, annulation, limitation de traitement ou d&rsquo;opposition, l&rsquo;existence d&rsquo;un droit de recours , la source de vos donn\u00e9es si elles n&rsquo;ont pas \u00e9t\u00e9 recueillies aupr\u00e8s de nous, ainsi que l&rsquo;existence d&rsquo;une prise de d\u00e9cision automatis\u00e9e, y compris le profilage et \u00e9ventuellement exiger des informations significatives sur leurs d\u00e9tails.<\/li>\n<\/ul>\n\n\n\n<ul class=\"wp-block-list\">\n<li>de demander selon l\u2018article 16 RGPD sans d\u00e9lai la correction de l&rsquo;inexactitude ou l&rsquo;ach\u00e8vement de vos donn\u00e9es personnelles stock\u00e9es avec nous<\/li>\n\n\n\n<li>d&rsquo;exiger selon l&rsquo;article 17 RGPD la suppression de vos donn\u00e9es personnelles stock\u00e9es par nous, sauf si le traitement est n\u00e9cessaire pour exercer le droit \u00e0 la libert\u00e9 d&rsquo;expression et d&rsquo;information, de remplir une obligation l\u00e9gale pour des raisons d&rsquo;int\u00e9r\u00eat public ou d&rsquo;affirmer l&rsquo;exercice ou la d\u00e9fense des droits l\u00e9gaux.<\/li>\n\n\n\n<li>d&rsquo;exiger selon l&rsquo;article 18 RGPD la restriction du traitement de vos donn\u00e9es personnelles, dans la mesure o\u00f9 l&rsquo;exactitude des donn\u00e9es est contest\u00e9e par vous, le traitement est ill\u00e9gal, mais vous rejetez leur suppression et nous n&rsquo;avons plus besoin des donn\u00e9es, mais vous forcer l&rsquo;exercice ou la d\u00e9fense des r\u00e9clamations l\u00e9gales ou vous avez d\u00e9poser une objection selon l&rsquo;article 21 de RGPD au traitement.<\/li>\n\n\n\n<li>de recevoir selon l&rsquo;article 20 RGPD vos donn\u00e9es personnelles, que vous nous avez fournies, dans un format structur\u00e9, commun et lisible par machine ou d&rsquo; exiger le transfert \u00e0 une autre personne responsible<\/li>\n\n\n\n<li>de revoquer selon l&rsquo;article 7, paragraphe A RGPD votre consentement une fois donn\u00e9 \u00e0 tout moment. En cons\u00e9quence, nous ne sommes plus autoris\u00e9s \u00e0 poursuivre le traitement des donn\u00e9es sur la base de ce consentement pour l&rsquo;avenir et<\/li>\n\n\n\n<li>de se plaindre selon l&rsquo;article 77 GDPR \u00e0 une autorit\u00e9 de surveillance. En r\u00e8gle g\u00e9n\u00e9rale, vous pouvez contacter l&rsquo;autorit\u00e9 de surveillance de votre lieu de r\u00e9sidence ou de travail habituel ou de notre si\u00e8ge social.<\/li>\n<\/ul>\n\n\n\n<p><strong>Droit \u00e0 s\u2019oposer au traitement des donn\u00e9es<\/strong><\/p>\n\n\n\n<p>Si vos donn\u00e9es personnelles bas\u00e9es sur des int\u00e9r\u00eats l\u00e9gitimes selon l\u2018article 6, paragraphe 1, page 1, lit. f RGPD sont trait\u00e9es, vous avez le droit, conform\u00e9ment \u00e0 l&rsquo;article 21 RGPD de faire opposition au traitement de vos donn\u00e9es personnelles s&rsquo;il y a des raisons \u00e0 cela d\u00e9coulant de votre situation particuli\u00e8re ou si l&rsquo;objection est dirig\u00e9e contre le publipostage. Dans ce dernier cas, vous disposez d&rsquo;un droit g\u00e9n\u00e9ral d&rsquo;opposition que nous mettons en \u0153uvre sans sp\u00e9cifier de situation particuli\u00e8re. Si vous souhaitez exercer votre droit de r\u00e9vocation ou d&rsquo;opposition, veuillez envoyer un e-mail \u00e0 info@erkodent.com ou \u00e0 datenschutz@erkodent.com<\/p>\n\n\n\n<p><strong>La s\u00e9curit\u00e9 des donn\u00e9es<\/strong><\/p>\n\n\n\n<p>Nous utilisons la m\u00e9thode SSL (Secure Socket Layer) populaire lors de la visite du site, en conjonction avec le plus haut niveau de cryptage pris en charge par votre navigateur. Ce cryptage est g\u00e9n\u00e9ralement de 256 bits. Si votre navigateur ne prend pas en charge le cryptage 256 bits, nous utiliserons plut\u00f4t la technologie 128 Bitv3. Nous prenons \u00e9galement les mesures de s\u00e9curit\u00e9 techniques et organisationnelles appropri\u00e9es pour prot\u00e9ger vos donn\u00e9es contre toute manipulation accidentelle ou intentionnelle, perte partielle ou totale, destruction ou contre tout acc\u00e8s non autoris\u00e9 par des tiers. Nos mesures de s\u00e9curit\u00e9 sont constamment am\u00e9lior\u00e9es en fonction des d\u00e9veloppements technologiques.<\/p>\n\n\n\n<p><strong>Applications<\/strong><\/p>\n\n\n\n<p>Nous avons pris des mesures techniques et organisationnelles pour prot\u00e9ger vos donn\u00e9es contre la manipulation accidentelle ou intentionnelle et l&rsquo;acc\u00e8s non autoris\u00e9. Le transfert de votre demande en ligne est donc crypt\u00e9 selon l&rsquo;\u00e9tat actuel de la technique. Si vous postulez en ligne, nous enregistrerons vos donn\u00e9es d&rsquo;application pour la dur\u00e9e du processus de demande. Apr\u00e8s l&rsquo;ach\u00e8vement du processus de demande seulement, si cela est n\u00e9cessaire pour prot\u00e9ger nos int\u00e9r\u00eats l\u00e9gitimes ou si vous avez express\u00e9ment consenti au stockage de vos donn\u00e9es d&rsquo;application pour un traitement ult\u00e9rieur. Pour les demandes \u00e9crites, vos donn\u00e9es d&rsquo;application ne seront enregistr\u00e9es num\u00e9riquement que si nous vous invitons \u00e0 un entretien de recrutement. En cas d&rsquo;annulation, nous vous renverrons vos documents. En cas d&rsquo;annulation apr\u00e8s l&rsquo;entretien de recrutement, nous supprimerons les donn\u00e9es personnelles enregistr\u00e9es num\u00e9riquement, sauf s&rsquo;il existe des int\u00e9r\u00eats l\u00e9gitimes. En cas d&rsquo;engagement et de relation de travail ult\u00e9rieure, les pi\u00e8ces de la demande font partie du dossier personnel. Les donn\u00e9es personnelles sont soumises \u00e0 un contr\u00f4le d&rsquo;acc\u00e8s restrictif qui garantit que seules les personnes autoris\u00e9es peuvent acc\u00e9der \u00e0 vos donn\u00e9es. Vos donn\u00e9es d&rsquo;application ne seront utilis\u00e9es que par les responsables des applications. Vos donn\u00e9es d&rsquo;application peuvent \u00eatre utilis\u00e9es pour des statistiques internes anonymis\u00e9es. Toute autre utilisation ou transfert de vos donn\u00e9es d&rsquo;application \u00e0 des tiers n&rsquo;aura pas lieu.<\/p>\n\n\n\n<p><strong>Politique de confidentialit\u00e9 sur l\u2019utilisation de Facebook<\/strong><\/p>\n\n\n\n<p>L&rsquo;utilisateur acc\u00e8de pour le service d&rsquo;informations techniques offert ici sur la<br>plateforme et les services de Facebook Ireland Ltd., 4 Grand Canal Square<br>Grand Canal Harbour, Dublin 2, Irlande.<\/p>\n\n\n\n<p>Nous signalons que vous utilisez cette page Facebook et ses fonctionnalit\u00e9s sous<br>votre propre responsabilit\u00e9. Cela vaut en particulier pour l\u2019utilisation du logiciel interactif.<br>Fonctions (par exemple, commenter, partager, noter). Alternativement, vous pouvez r\u00e9cup\u00e9rer&nbsp; les informations offertes sur cette page \u00e9galement sur notre offre Internet sous erkodent.de.<\/p>\n\n\n\n<p>Lorsque vous visitez notre page Facebook, Facebook collecte entre autres votre adresse IP ainsi que des informations suppl\u00e9mentaires qui sont disponibles sur votre PC sous la forme de Cookies. Ces informations sont utilis\u00e9es pour mettre \u00e0 notre disposition en tant qu&rsquo;op\u00e9rateur des pages Facebook des dates statistiques pour l\u2019utilisation de la page Facebook. Pour plus d&rsquo;informations, s&rsquo;il vous pla\u00eet contactez Facebook au lien suivant:<br>de-de.facebook.com\/help\/pages\/insights.<\/p>\n\n\n\n<p>Les donn\u00e9es collect\u00e9es sur vous dans ce contexte sont trait\u00e9es par Facebook Ltd.<br>et, le cas \u00e9ch\u00e9ant, transmis&nbsp; aux pays ext\u00e9rieurs \u00e0 l\u2019Union europ\u00e9enne. Facebook d\u00e9crit en termes g\u00e9n\u00e9raux&nbsp; dans ses politiques d\u2019utilisation des donn\u00e9es quelle information est recoit par Facebook et comment cette information est utilis\u00e9e.<br>L\u00e0, vous pouvez \u00e9galement trouver des informations sur la possibilit\u00e9 de contacter Facebook ainsi que les&nbsp; param\u00e8tres pour les publicit\u00e9s. Les directives d&rsquo;utilisation des donn\u00e9es sont en cours disponible suivant le lien:<\/p>\n\n\n\n<p><a href=\"https:\/\/de-de.facebook.com\/about\/privacy\">de-de.facebook.com\/about\/privacy<\/a><\/p>\n\n\n\n<p>Le guide complet des donn\u00e9es de Facebook peut \u00eatre trouv\u00e9 ici:<\/p>\n\n\n\n<p><a href=\"https:\/\/de-de.facebook.com\/full_data_use_policy\">de-de.facebook.com\/full_data_use_policy<\/a><\/p>\n\n\n\n<p>De quelle mani\u00e8re Facebook utilise les donn\u00e9es des pages Facebook visit\u00e9es pour ces besoins, dans quelle mesure les activit\u00e9s sur la page Facebook sont attribu\u00e9es sur l\u2019individu, combien de temps Facebook stock ces donn\u00e9es et si les donn\u00e9es seront partag\u00e9s avec des tiers lors d&rsquo;une visite sur la page Facebook n&rsquo;est pas final et clairement nomm\u00e9 et nous est inconnu.<\/p>\n\n\n\n<p>Lors de l&rsquo;acc\u00e8s \u00e0 une page Facebook, l&rsquo;adresse IP attribu\u00e9e \u00e0 votre appareil sera transmis \u00e0<br>Facebook. Selon les informations de Facebook, cette adresse IP est anonymis\u00e9e<br>(pour les adresses IP \u00ab\u00a0allemandes\u00a0\u00bb) et supprim\u00e9 apr\u00e8s 90 jours. Facebook sauve \u00e0 ce sujet<br>en outre des informations sur les terminaux de ses utilisateurs (par exemple, dans le contexte de la fonction\u00a0\u00bbnotification d&rsquo;enregistrement\u00a0\u00bb); si n\u00e9cessaire, une assignation d&rsquo;adresses IP aux utilisateurs individuels est donc possible pour Facebook.<\/p>\n\n\n\n<p>Si vous \u00eates actuellement connect\u00e9 \u00e0 Facebook en tant qu&rsquo;utilisateur, vous ave sur votre appareil un cookie avec votre identifiant Facebook. Par cela, Facebook est<br>capable de comprendre que vous avez visit\u00e9 ce site et comment vous l&rsquo;avez utilis\u00e9. Ceci s&rsquo;applique \u00e9galement \u00e0 toutes les autres pages Facebook. \u00c0 propos des sites Web<br>les boutons Facebook int\u00e9gr\u00e9s rendent possible de capturer vos visites des pages Web et assignez-les \u00e0 votre profil Facebook. Sur cette base des donn\u00e9es, des contenus ou de la publicit\u00e9 sur mesure peuvent \u00eatre propos\u00e9es.<\/p>\n\n\n\n<p>Si vous voulez \u00e9viter cela, vous devez vous d\u00e9connecter de Facebook ou d\u00e9sactiver la<br>fonction \u201erester connect\u00e9\u201c, supprimer les cookies pr\u00e9sents sur votre appareil<br>et quittez votre navigateur et red\u00e9marrez. Comme \u00e7a des informations Facebook sur lesquelles vous pouvez \u00eatre identifi\u00e9 imm\u00e9diatement peuvent \u00eatre supprim\u00e9es.<br>Cela vous permet d&rsquo;utiliser notre page Facebook sans votre identifiant Facebook.<br>est divulgu\u00e9. Lorsque vous acc\u00e9dez aux fonctionnalit\u00e9s interactives de la page (comme<br>commenter, partager, actualit\u00e9s, etc.), un \u00e9cran de connexion Facebook appara\u00eet.<br>Apr\u00e8s vous \u00eates connect\u00e9, vous \u00eates \u00e0 nouveau sur Facebook en tant que<br>utilisateur reconnaissable.<\/p>\n\n\n\n<p>Des informations comment on peut g\u00e9rer ou supprimer les informations existantes<br>peuvent \u00eatre trouv\u00e9es sur les pages de support Facebook suivantes:<br><a href=\"https:\/\/de-de.facebook.com\/about\/privacy\">de-de.facebook.com\/about\/privacy<\/a><\/p>\n\n\n\n<p>En tant que fournisseur de services d\u2019information, nous collectons et traitons au-del\u00e0<br>aucune donn\u00e9e de votre utilisation de notre service.<\/p>\n\n\n\n<p>Cette d\u00e9claration de protection des donn\u00e9es se trouve dans la version en cours de validit\u00e9 sous le point \u00ab\u00a0confidentialit\u00e9\u00a0\u00bb sur notre page Facebook.<br>Si vous avez des questions sur notre offre d\u2019information, vous pouvez nous contacter sous l\u2018adresse \u00e9lectronique: <a href=\"mailto:datenschutz@erkodent.com\">datenschutz@erkodent.com<\/a><\/p>\n\n\n\n<p>Plus d&rsquo;informations sur Facebook et d&rsquo;autres r\u00e9seaux sociaux et comment vous pouvez prot\u00e9ger votre vie priv\u00e9e sont disponible sur youngdata.de.<\/p>\n\n\n\n<p><strong>Mise \u00e0 jour et modification de cette politique de confidentialit\u00e9<\/strong><\/p>\n\n\n\n<p>Mise \u00e0 jour et modification de cette politique de confidentialit\u00e9<\/p>\n\n\n\n<p>Erkodent se r\u00e9serve le droit de modifier, d&rsquo;\u00e9tendre ou d&rsquo;abr\u00e9ger ces informations sur la protection des donn\u00e9es, \u00e0 sa seule discr\u00e9tion, \u00e0 tout moment et sans pr\u00e9avis. Les modifications apport\u00e9es \u00e0 cette politique de confidentialit\u00e9 sont effectives d\u00e8s leur publication sur le site. Si vous continuez \u00e0 utiliser le site apr\u00e8s toute modification de la pr\u00e9sente politique de confidentialit\u00e9, vous serez r\u00e9put\u00e9 avoir accept\u00e9 ces modifications.<\/p>\n\n\n\n<p>Cette politique de confidentialit\u00e9 a \u00e9t\u00e9 mise \u00e0 jour pour la derni\u00e8re fois le 15\/10\/2018.<\/p>\n\n\n\n<p>Erkodent Erich Kopp GmbH<br>Siemensstra\u00dfe 3<br>72285 Pfalzgrafenweiler<br>Allemagne<br>Tel.: +49 (0) 7445 8501 \u2013 0<br><a href=\"mailto:info@erkodent.com\">info@erkodent.com<\/a><\/p>\n","protected":false},"excerpt":{"rendered":"<p>Cette politique de confidentialit\u00e9 s&rsquo;applique au traitement de donn\u00e9es par Erkodent Erich Kopp GmbH. Coordonn\u00e9es du responsable du traitement des donn\u00e9es et du responsable de la protection des donn\u00e9es de l&rsquo;entreprise: Responsable: Erkodent Erich Kopp GmbHSiemensstra\u00dfe 372285 Pfalzgrafenweilermail:&nbsp;info@erkodent.comTel.: +49 (0) 7445 8501 -0repr\u00e9sent\u00e9 par le directeur g\u00e9n\u00e9ral Hans-Peter Kopp Responsable de la protection des donn\u00e9es: [&hellip;]<\/p>\n","protected":false},"author":1,"featured_media":0,"parent":0,"menu_order":0,"comment_status":"closed","ping_status":"open","template":"","meta":{"_acf_changed":false,"footnotes":""},"class_list":["post-3533","page","type-page","status-publish","hentry"],"acf":[],"_links":{"self":[{"href":"https:\/\/www.erkodent.de\/fr\/wp-json\/wp\/v2\/pages\/3533"}],"collection":[{"href":"https:\/\/www.erkodent.de\/fr\/wp-json\/wp\/v2\/pages"}],"about":[{"href":"https:\/\/www.erkodent.de\/fr\/wp-json\/wp\/v2\/types\/page"}],"author":[{"embeddable":true,"href":"https:\/\/www.erkodent.de\/fr\/wp-json\/wp\/v2\/users\/1"}],"replies":[{"embeddable":true,"href":"https:\/\/www.erkodent.de\/fr\/wp-json\/wp\/v2\/comments?post=3533"}],"version-history":[{"count":5,"href":"https:\/\/www.erkodent.de\/fr\/wp-json\/wp\/v2\/pages\/3533\/revisions"}],"predecessor-version":[{"id":7856,"href":"https:\/\/www.erkodent.de\/fr\/wp-json\/wp\/v2\/pages\/3533\/revisions\/7856"}],"wp:attachment":[{"href":"https:\/\/www.erkodent.de\/fr\/wp-json\/wp\/v2\/media?parent=3533"}],"curies":[{"name":"wp","href":"https:\/\/api.w.org\/{rel}","templated":true}]}}