{"id":3535,"date":"2018-07-26T17:00:03","date_gmt":"2018-07-26T15:00:03","guid":{"rendered":"https:\/\/www.erkodent.de\/anfahrt\/"},"modified":"2024-06-25T15:16:49","modified_gmt":"2024-06-25T13:16:49","slug":"voie-acces","status":"publish","type":"page","link":"https:\/\/www.erkodent.de\/fr\/contacts\/voie-acces\/","title":{"rendered":"Voie d\u2018acc\u00e8s"},"content":{"rendered":"\n<p><strong>Erkodent<sup>\u00ae<\/sup> Erich Kopp GmbH<\/strong><\/p>\n\n\n\n<p>Siemensstr. 3<br>D-72285 Pfalzgrafenweiler (Si\u00e8ge de la soci\u00e9t\u00e9)<br>Allemagne<\/p>\n\n\n\n<p>Tel: + 49 (0)7445 &#8211; 85 01 &#8211; 0<\/p>\n\n\n\n<p>Nous sommes disponibles par t\u00e9l\u00e9phone aux heures suivantes:<br>Lundi &#8211; Jeudi.: 7h30 &#8211; 12h00 et 13h00 &#8211; 17h00<\/p>\n\n\n\n<p><a href=\"mailto:info@erkodent.com\">info@erkodent.com<\/a><br><a href=\"http:\/\/www.erkodent.com\">www.erkodent.com<\/a><\/p>\n","protected":false},"excerpt":{"rendered":"<p>Erkodent\u00ae Erich Kopp GmbH Siemensstr. 3D-72285 Pfalzgrafenweiler (Si\u00e8ge de la soci\u00e9t\u00e9)Allemagne Tel: + 49 (0)7445 &#8211; 85 01 &#8211; 0 Nous sommes disponibles par t\u00e9l\u00e9phone aux heures suivantes:Lundi &#8211; Jeudi.: 7h30 &#8211; 12h00 et 13h00 &#8211; 17h00 info@erkodent.comwww.erkodent.com<\/p>\n","protected":false},"author":1,"featured_media":0,"parent":3538,"menu_order":0,"comment_status":"closed","ping_status":"closed","template":"tpl-anfahrt.php","meta":{"_acf_changed":false,"footnotes":""},"class_list":["post-3535","page","type-page","status-publish","hentry"],"acf":[],"_links":{"self":[{"href":"https:\/\/www.erkodent.de\/fr\/wp-json\/wp\/v2\/pages\/3535"}],"collection":[{"href":"https:\/\/www.erkodent.de\/fr\/wp-json\/wp\/v2\/pages"}],"about":[{"href":"https:\/\/www.erkodent.de\/fr\/wp-json\/wp\/v2\/types\/page"}],"author":[{"embeddable":true,"href":"https:\/\/www.erkodent.de\/fr\/wp-json\/wp\/v2\/users\/1"}],"replies":[{"embeddable":true,"href":"https:\/\/www.erkodent.de\/fr\/wp-json\/wp\/v2\/comments?post=3535"}],"version-history":[{"count":11,"href":"https:\/\/www.erkodent.de\/fr\/wp-json\/wp\/v2\/pages\/3535\/revisions"}],"predecessor-version":[{"id":7756,"href":"https:\/\/www.erkodent.de\/fr\/wp-json\/wp\/v2\/pages\/3535\/revisions\/7756"}],"up":[{"embeddable":true,"href":"https:\/\/www.erkodent.de\/fr\/wp-json\/wp\/v2\/pages\/3538"}],"wp:attachment":[{"href":"https:\/\/www.erkodent.de\/fr\/wp-json\/wp\/v2\/media?parent=3535"}],"curies":[{"name":"wp","href":"https:\/\/api.w.org\/{rel}","templated":true}]}}