{"id":3588,"date":"2018-07-26T16:57:51","date_gmt":"2018-07-26T14:57:51","guid":{"rendered":"https:\/\/www.erkodent.de\/kontakt\/vertriebspartner\/"},"modified":"2024-06-25T16:14:02","modified_gmt":"2024-06-25T14:14:02","slug":"distributeurs","status":"publish","type":"page","link":"https:\/\/www.erkodent.de\/fr\/contacts\/distributeurs\/","title":{"rendered":"Distributeurs"},"content":{"rendered":"\n<p>Gr\u00e2ce \u00e0 nos partenaires \u00e0 long terme, nous sommes repr\u00e9sent\u00e9s de mani\u00e8re fiable et comp\u00e9tente dans le monde entier.<\/p>\n","protected":false},"excerpt":{"rendered":"<p>Gr\u00e2ce \u00e0 nos partenaires \u00e0 long terme, nous sommes repr\u00e9sent\u00e9s de mani\u00e8re fiable et comp\u00e9tente dans le monde entier.<\/p>\n","protected":false},"author":1,"featured_media":0,"parent":3538,"menu_order":0,"comment_status":"closed","ping_status":"closed","template":"tpl-database.php","meta":{"_acf_changed":false,"footnotes":""},"class_list":["post-3588","page","type-page","status-publish","hentry"],"acf":[],"_links":{"self":[{"href":"https:\/\/www.erkodent.de\/fr\/wp-json\/wp\/v2\/pages\/3588"}],"collection":[{"href":"https:\/\/www.erkodent.de\/fr\/wp-json\/wp\/v2\/pages"}],"about":[{"href":"https:\/\/www.erkodent.de\/fr\/wp-json\/wp\/v2\/types\/page"}],"author":[{"embeddable":true,"href":"https:\/\/www.erkodent.de\/fr\/wp-json\/wp\/v2\/users\/1"}],"replies":[{"embeddable":true,"href":"https:\/\/www.erkodent.de\/fr\/wp-json\/wp\/v2\/comments?post=3588"}],"version-history":[{"count":3,"href":"https:\/\/www.erkodent.de\/fr\/wp-json\/wp\/v2\/pages\/3588\/revisions"}],"predecessor-version":[{"id":7764,"href":"https:\/\/www.erkodent.de\/fr\/wp-json\/wp\/v2\/pages\/3588\/revisions\/7764"}],"up":[{"embeddable":true,"href":"https:\/\/www.erkodent.de\/fr\/wp-json\/wp\/v2\/pages\/3538"}],"wp:attachment":[{"href":"https:\/\/www.erkodent.de\/fr\/wp-json\/wp\/v2\/media?parent=3588"}],"curies":[{"name":"wp","href":"https:\/\/api.w.org\/{rel}","templated":true}]}}