{"id":3613,"date":"2018-07-26T17:09:18","date_gmt":"2018-07-26T15:09:18","guid":{"rendered":"https:\/\/www.erkodent.de\/service-download\/zertifikate\/"},"modified":"2021-08-18T12:15:57","modified_gmt":"2021-08-18T10:15:57","slug":"certificats","status":"publish","type":"page","link":"https:\/\/www.erkodent.de\/fr\/service-telecharger\/certificats\/","title":{"rendered":"Certificats de qualit\u00e9 et d\u00e9clarations de conformit\u00e9"},"content":{"rendered":"","protected":false},"excerpt":{"rendered":"","protected":false},"author":1,"featured_media":0,"parent":3550,"menu_order":0,"comment_status":"closed","ping_status":"closed","template":"tpl-database.php","meta":{"_acf_changed":false,"footnotes":""},"class_list":["post-3613","page","type-page","status-publish","hentry"],"acf":[],"_links":{"self":[{"href":"https:\/\/www.erkodent.de\/fr\/wp-json\/wp\/v2\/pages\/3613"}],"collection":[{"href":"https:\/\/www.erkodent.de\/fr\/wp-json\/wp\/v2\/pages"}],"about":[{"href":"https:\/\/www.erkodent.de\/fr\/wp-json\/wp\/v2\/types\/page"}],"author":[{"embeddable":true,"href":"https:\/\/www.erkodent.de\/fr\/wp-json\/wp\/v2\/users\/1"}],"replies":[{"embeddable":true,"href":"https:\/\/www.erkodent.de\/fr\/wp-json\/wp\/v2\/comments?post=3613"}],"version-history":[{"count":6,"href":"https:\/\/www.erkodent.de\/fr\/wp-json\/wp\/v2\/pages\/3613\/revisions"}],"predecessor-version":[{"id":6300,"href":"https:\/\/www.erkodent.de\/fr\/wp-json\/wp\/v2\/pages\/3613\/revisions\/6300"}],"up":[{"embeddable":true,"href":"https:\/\/www.erkodent.de\/fr\/wp-json\/wp\/v2\/pages\/3550"}],"wp:attachment":[{"href":"https:\/\/www.erkodent.de\/fr\/wp-json\/wp\/v2\/media?parent=3613"}],"curies":[{"name":"wp","href":"https:\/\/api.w.org\/{rel}","templated":true}]}}