{"id":3623,"date":"2018-07-26T17:01:00","date_gmt":"2018-07-26T15:01:00","guid":{"rendered":"https:\/\/www.erkodent.de\/service-download\/videos\/"},"modified":"2024-06-25T16:30:33","modified_gmt":"2024-06-25T14:30:33","slug":"videos","status":"publish","type":"page","link":"https:\/\/www.erkodent.de\/fr\/service-telecharger\/videos\/","title":{"rendered":"Vid\u00e9os"},"content":{"rendered":"\n<p>La lecture aide. Mais souvent on veut tout simplement voir comment quelque chose est r\u00e9alis\u00e9e ou utilis\u00e9e. Un click suffit et vous apprenez comment nos produits sont fabriqu\u00e9s ou ce \u00e0 quoi il faut faire attention lors de leur utilisation.<\/p>\n","protected":false},"excerpt":{"rendered":"<p>La lecture aide. Mais souvent on veut tout simplement voir comment quelque chose est r\u00e9alis\u00e9e ou utilis\u00e9e. Un click suffit et vous apprenez comment nos produits sont fabriqu\u00e9s ou ce \u00e0 quoi il faut faire attention lors de leur utilisation.<\/p>\n","protected":false},"author":1,"featured_media":0,"parent":3550,"menu_order":0,"comment_status":"closed","ping_status":"closed","template":"tpl-database.php","meta":{"_acf_changed":false,"footnotes":""},"class_list":["post-3623","page","type-page","status-publish","hentry"],"acf":[],"_links":{"self":[{"href":"https:\/\/www.erkodent.de\/fr\/wp-json\/wp\/v2\/pages\/3623"}],"collection":[{"href":"https:\/\/www.erkodent.de\/fr\/wp-json\/wp\/v2\/pages"}],"about":[{"href":"https:\/\/www.erkodent.de\/fr\/wp-json\/wp\/v2\/types\/page"}],"author":[{"embeddable":true,"href":"https:\/\/www.erkodent.de\/fr\/wp-json\/wp\/v2\/users\/1"}],"replies":[{"embeddable":true,"href":"https:\/\/www.erkodent.de\/fr\/wp-json\/wp\/v2\/comments?post=3623"}],"version-history":[{"count":3,"href":"https:\/\/www.erkodent.de\/fr\/wp-json\/wp\/v2\/pages\/3623\/revisions"}],"predecessor-version":[{"id":7779,"href":"https:\/\/www.erkodent.de\/fr\/wp-json\/wp\/v2\/pages\/3623\/revisions\/7779"}],"up":[{"embeddable":true,"href":"https:\/\/www.erkodent.de\/fr\/wp-json\/wp\/v2\/pages\/3550"}],"wp:attachment":[{"href":"https:\/\/www.erkodent.de\/fr\/wp-json\/wp\/v2\/media?parent=3623"}],"curies":[{"name":"wp","href":"https:\/\/api.w.org\/{rel}","templated":true}]}}