{"id":5670,"date":"2020-11-12T15:04:43","date_gmt":"2020-11-12T14:04:43","guid":{"rendered":"https:\/\/www.erkodent.de\/produits\/appareils-thermoformage\/erkopress-240\/"},"modified":"2024-06-25T16:47:14","modified_gmt":"2024-06-25T14:47:14","slug":"erkopress-240","status":"publish","type":"page","link":"https:\/\/www.erkodent.de\/fr\/produits\/appareils-thermoformage\/erkopress-240\/","title":{"rendered":"Erkopress 240"},"content":{"rendered":"\n<p>Appareil \u00e0 pression avec processus de thermoformage automatis\u00e9 pour jusqu\u2019\u00e0 9 mod\u00e8les, pour branchement au syst\u00e8me d\u2019air comprim\u00e9 disponible.<\/p>\n\n\n\n<p>Plaques thermoformables pour Erkorpess 240: <a class=\"more_link\" href=\"https:\/\/www.erkodent.de\/fr\/produit\/?pg=156\" target=\"_blank\" rel=\"noopener\">Programme des plaques Erkopress 240<\/a><\/p>\n","protected":false},"excerpt":{"rendered":"<p>Appareil \u00e0 pression avec processus de thermoformage automatis\u00e9 pour jusqu\u2019\u00e0 9 mod\u00e8les, pour branchement au syst\u00e8me d\u2019air comprim\u00e9 disponible. Plaques thermoformables pour Erkorpess 240: Programme des plaques Erkopress 240<\/p>\n","protected":false},"author":2,"featured_media":0,"parent":3312,"menu_order":0,"comment_status":"closed","ping_status":"closed","template":"tpl-product_single.php","meta":{"_acf_changed":false,"footnotes":""},"class_list":["post-5670","page","type-page","status-publish","hentry"],"acf":[],"_links":{"self":[{"href":"https:\/\/www.erkodent.de\/fr\/wp-json\/wp\/v2\/pages\/5670"}],"collection":[{"href":"https:\/\/www.erkodent.de\/fr\/wp-json\/wp\/v2\/pages"}],"about":[{"href":"https:\/\/www.erkodent.de\/fr\/wp-json\/wp\/v2\/types\/page"}],"author":[{"embeddable":true,"href":"https:\/\/www.erkodent.de\/fr\/wp-json\/wp\/v2\/users\/2"}],"replies":[{"embeddable":true,"href":"https:\/\/www.erkodent.de\/fr\/wp-json\/wp\/v2\/comments?post=5670"}],"version-history":[{"count":8,"href":"https:\/\/www.erkodent.de\/fr\/wp-json\/wp\/v2\/pages\/5670\/revisions"}],"predecessor-version":[{"id":7809,"href":"https:\/\/www.erkodent.de\/fr\/wp-json\/wp\/v2\/pages\/5670\/revisions\/7809"}],"up":[{"embeddable":true,"href":"https:\/\/www.erkodent.de\/fr\/wp-json\/wp\/v2\/pages\/3312"}],"wp:attachment":[{"href":"https:\/\/www.erkodent.de\/fr\/wp-json\/wp\/v2\/media?parent=5670"}],"curies":[{"name":"wp","href":"https:\/\/api.w.org\/{rel}","templated":true}]}}