{"id":8742,"date":"2026-01-27T14:47:53","date_gmt":"2026-01-27T13:47:53","guid":{"rendered":"https:\/\/www.erkodent.de\/?page_id=8742"},"modified":"2026-01-28T18:24:03","modified_gmt":"2026-01-28T17:24:03","slug":"exmod-pro","status":"publish","type":"page","link":"https:\/\/www.erkodent.de\/fr\/produits\/appareils-thermoformage\/exmod-pro\/","title":{"rendered":"exMod-pro"},"content":{"rendered":"\n<p>Appareil pour la s\u00e9paration facile de feuilles d\u2019aligneurs thermoform\u00e9es des mod\u00e8les imprim\u00e9s<\/p>\n","protected":false},"excerpt":{"rendered":"<p>Appareil pour la s\u00e9paration facile de feuilles d\u2019aligneurs thermoform\u00e9es des mod\u00e8les imprim\u00e9s<\/p>\n","protected":false},"author":2,"featured_media":0,"parent":3312,"menu_order":0,"comment_status":"closed","ping_status":"closed","template":"tpl-product_single.php","meta":{"_acf_changed":false,"footnotes":""},"class_list":["post-8742","page","type-page","status-publish","hentry"],"acf":[],"_links":{"self":[{"href":"https:\/\/www.erkodent.de\/fr\/wp-json\/wp\/v2\/pages\/8742"}],"collection":[{"href":"https:\/\/www.erkodent.de\/fr\/wp-json\/wp\/v2\/pages"}],"about":[{"href":"https:\/\/www.erkodent.de\/fr\/wp-json\/wp\/v2\/types\/page"}],"author":[{"embeddable":true,"href":"https:\/\/www.erkodent.de\/fr\/wp-json\/wp\/v2\/users\/2"}],"replies":[{"embeddable":true,"href":"https:\/\/www.erkodent.de\/fr\/wp-json\/wp\/v2\/comments?post=8742"}],"version-history":[{"count":2,"href":"https:\/\/www.erkodent.de\/fr\/wp-json\/wp\/v2\/pages\/8742\/revisions"}],"predecessor-version":[{"id":8758,"href":"https:\/\/www.erkodent.de\/fr\/wp-json\/wp\/v2\/pages\/8742\/revisions\/8758"}],"up":[{"embeddable":true,"href":"https:\/\/www.erkodent.de\/fr\/wp-json\/wp\/v2\/pages\/3312"}],"wp:attachment":[{"href":"https:\/\/www.erkodent.de\/fr\/wp-json\/wp\/v2\/media?parent=8742"}],"curies":[{"name":"wp","href":"https:\/\/api.w.org\/{rel}","templated":true}]}}