{"id":1207,"date":"2018-07-05T14:25:50","date_gmt":"2018-07-05T12:25:50","guid":{"rendered":"https:\/\/www.erkodent.de\/unternehmen\/"},"modified":"2026-04-29T12:18:40","modified_gmt":"2026-04-29T10:18:40","slug":"societa","status":"publish","type":"page","link":"https:\/\/www.erkodent.de\/it\/societa\/","title":{"rendered":"Societ\u00e0"},"content":{"rendered":"\n<p>Fondata nel <strong>1963<\/strong> dall&#8217;inventore e dentista Erich Kopp, la maggior parte della ampia produzione \u00e8 realizzata internamente e questa scelta \u00e8 di fondamentale importanza per Erkodent. I prodotti sono soggetti ai pi\u00f9 severi controlli di qualit\u00e0 e sono distribuiti in tutto il mondo.<\/p>\n","protected":false},"excerpt":{"rendered":"<p>Fondata nel 1963 dall&#8217;inventore e dentista Erich Kopp, la maggior parte della ampia produzione \u00e8 realizzata internamente e questa scelta \u00e8 di fondamentale importanza per Erkodent. I prodotti sono soggetti ai pi\u00f9 severi controlli di qualit\u00e0 e sono distribuiti in tutto il mondo.<\/p>\n","protected":false},"author":1,"featured_media":0,"parent":0,"menu_order":0,"comment_status":"closed","ping_status":"closed","template":"","meta":{"_acf_changed":false,"footnotes":""},"class_list":["post-1207","page","type-page","status-publish","hentry"],"acf":[],"_links":{"self":[{"href":"https:\/\/www.erkodent.de\/it\/wp-json\/wp\/v2\/pages\/1207"}],"collection":[{"href":"https:\/\/www.erkodent.de\/it\/wp-json\/wp\/v2\/pages"}],"about":[{"href":"https:\/\/www.erkodent.de\/it\/wp-json\/wp\/v2\/types\/page"}],"author":[{"embeddable":true,"href":"https:\/\/www.erkodent.de\/it\/wp-json\/wp\/v2\/users\/1"}],"replies":[{"embeddable":true,"href":"https:\/\/www.erkodent.de\/it\/wp-json\/wp\/v2\/comments?post=1207"}],"version-history":[{"count":16,"href":"https:\/\/www.erkodent.de\/it\/wp-json\/wp\/v2\/pages\/1207\/revisions"}],"predecessor-version":[{"id":8958,"href":"https:\/\/www.erkodent.de\/it\/wp-json\/wp\/v2\/pages\/1207\/revisions\/8958"}],"wp:attachment":[{"href":"https:\/\/www.erkodent.de\/it\/wp-json\/wp\/v2\/media?parent=1207"}],"curies":[{"name":"wp","href":"https:\/\/api.w.org\/{rel}","templated":true}]}}