{"id":1327,"date":"2018-07-05T16:25:43","date_gmt":"2018-07-05T14:25:43","guid":{"rendered":"https:\/\/www.erkodent.de\/produkte\/tiefziehgeraete\/"},"modified":"2026-01-28T18:53:19","modified_gmt":"2026-01-28T17:53:19","slug":"apparecchi-termoformatura","status":"publish","type":"page","link":"https:\/\/www.erkodent.de\/it\/prodotti\/apparecchi-termoformatura\/","title":{"rendered":"Apparecchi per termoformatura professionali"},"content":{"rendered":"\n<p>Erkodent produce apparecchi affidabili per termoformatura a vuoto e a pressione. Erkodent produce unit\u00e0 affidabili per il vuoto e la formazione di pressione. Risultati di termoformatura di alta qualit\u00e0 saranno raggiunti con le unit\u00e0 a vuoto Erkodent e con le unit\u00e0 a pressione. Se si desidera anche registrare l\u2019arcata antagonista durante il processo di termoformatura in un passaggio di lavoro, si consiglia la combinazione di una termoformatrice a vuoto Erkoform (serie 3) e il nostro occlusore integrabile Occluform-3.<\/p>\n","protected":false},"excerpt":{"rendered":"<p>Erkodent produce apparecchi affidabili per termoformatura a vuoto e a pressione. Erkodent produce unit\u00e0 affidabili per il vuoto e la formazione di pressione. Risultati di termoformatura di alta qualit\u00e0 saranno raggiunti con le unit\u00e0 a vuoto Erkodent e con le unit\u00e0 a pressione. Se si desidera anche registrare l\u2019arcata antagonista durante il processo di termoformatura [&hellip;]<\/p>\n","protected":false},"author":1,"featured_media":0,"parent":1261,"menu_order":0,"comment_status":"closed","ping_status":"closed","template":"product_list.php","meta":{"_acf_changed":false,"footnotes":""},"class_list":["post-1327","page","type-page","status-publish","hentry"],"acf":[],"_links":{"self":[{"href":"https:\/\/www.erkodent.de\/it\/wp-json\/wp\/v2\/pages\/1327"}],"collection":[{"href":"https:\/\/www.erkodent.de\/it\/wp-json\/wp\/v2\/pages"}],"about":[{"href":"https:\/\/www.erkodent.de\/it\/wp-json\/wp\/v2\/types\/page"}],"author":[{"embeddable":true,"href":"https:\/\/www.erkodent.de\/it\/wp-json\/wp\/v2\/users\/1"}],"replies":[{"embeddable":true,"href":"https:\/\/www.erkodent.de\/it\/wp-json\/wp\/v2\/comments?post=1327"}],"version-history":[{"count":16,"href":"https:\/\/www.erkodent.de\/it\/wp-json\/wp\/v2\/pages\/1327\/revisions"}],"predecessor-version":[{"id":8795,"href":"https:\/\/www.erkodent.de\/it\/wp-json\/wp\/v2\/pages\/1327\/revisions\/8795"}],"up":[{"embeddable":true,"href":"https:\/\/www.erkodent.de\/it\/wp-json\/wp\/v2\/pages\/1261"}],"wp:attachment":[{"href":"https:\/\/www.erkodent.de\/it\/wp-json\/wp\/v2\/media?parent=1327"}],"curies":[{"name":"wp","href":"https:\/\/api.w.org\/{rel}","templated":true}]}}