{"id":1924,"date":"2018-07-04T13:25:46","date_gmt":"2018-07-04T13:25:46","guid":{"rendered":"https:\/\/www.erkodent.de\/datenschutz\/"},"modified":"2024-06-27T11:31:40","modified_gmt":"2024-06-27T09:31:40","slug":"protezione-dati","status":"publish","type":"page","link":"https:\/\/www.erkodent.de\/it\/protezione-dati\/","title":{"rendered":"Protezione dei dati"},"content":{"rendered":"\n<p>Questa informativa sulla privacy dei dati \u00e8 valida per il trattamento dei dati da parte di Erkodent Erich Kopp GmbH.<\/p>\n\n\n\n<p>Contatto per i responsabili del trattamento dei dati e il responsabile della protezione dei dati:<\/p>\n\n\n\n<p><strong>Responsabile:<\/strong><br>Erkodent Erich Kopp GmbH<br>Siemensstra\u00dfe 3<br>72285 Pfalzgrafenweiler<br>Germany<br>mail: <a href=\"mailto:info@erkodent.com\">info@erkodent.com<\/a><br>Tel.: +49 (0) 7445 8501 -0<br>rappresentato da Hans-Peter Kopp (direttore esecutivo)<br>Responsabile della protezione dei dati:<\/p>\n\n\n\n<p><strong>Responsabile della protezione dei dati:<\/strong><br>Erkodent Erich Kopp GmbH<br>Siemensstra\u00dfe 3<br>72285 Pfalzgrafenweiler<br>Germany<br>mail: <a href=\"mailto:datenschutz@erkodent.com\">datenschutz@erkodent.com<\/a><br>Raccolta e archiviazione dei singoli dati, modalit\u00e0 e finalit\u00e0 d&#8217;uso<\/p>\n\n\n\n<p><strong>Visita il sito Erkodent<\/strong><\/p>\n\n\n\n<p>Quando visiti il nostro sito https:\/\/www.erkodent.de (.com), il browser utilizzato sul tuo dispositivo invia automaticamente le informazioni al server del nostro sito web. Queste informazioni vengono memorizzate temporaneamente senza l&#8217;intervento dell&#8217;utente in un cosiddetto file di registro.<br>Le seguenti informazioni vengono raccolte e archiviate fino alla cancellazione automatica:<br>&#8211; Data e ora di accesso<br>&#8211; Nome e URL del file recuperato<br>&#8211; Browser utilizzato<br>&#8211; Sito web dal quale ha luogo l&#8217;accesso (URL di riferimento)<\/p>\n\n\n\n<p>Finalit\u00e0 per le quali trattiamo questi dati personali:<br>&#8211; Garantire una connessione fluida del sito web<br>&#8211; Garantire un uso confortevole del nostro sito web<br>&#8211; Estendere anche la sicurezza e la stabilit\u00e0 del sistema per ulteriori scopi amministrativi<\/p>\n\n\n\n<p>Il principio legale per il trattamento dei dati \u00e8 l&#8217;art. 6 par.1 S. 1 lit f DSGVO (GDPR &#8211; Regolamento generale sulla protezione dei dati). Il nostro interesse legittimo deriva dagli scopi per la raccolta dei dati sopra elencati. In nessun caso usiamo i dati raccolti allo scopo di trarre conclusioni su di te.<\/p>\n\n\n\n<p><strong>Cookies<\/strong><\/p>\n\n\n\n<p>I cookie sono un piccolo file di dati che vengono memorizzati sul tuo computer quando visiti un servizio online. Se l\u2019offerta proposta online viene richiamata dall&#8217;utente, il browser restituir\u00e0 il contenuto dei cookie al rispettivo provider, abilitando in tal modo il riconoscimento del dispositivo. La lettura dei cookie ci consente di progettare in modo ottimale la nostra offerta online per te e di facilitare il tuo utilizzo.<\/p>\n\n\n\n<p><strong>Google Maps<\/strong><\/p>\n\n\n\n<p>Questo sito utilizza il servizio di mappatura di Google Maps tramite un&#8217;API. Il fornitore \u00e8 Google LLC, 1600 Amphitheatre Parkway, Mountain View, CA 94043, USA.<\/p>\n\n\n\n<p>Per utilizzare le funzionalit\u00e0 di Google Maps, \u00e8 necessario salvare il tuo indirizzo IP. Queste informazioni vengono generalmente trasmesse e archiviate su un server di Google LLC negli Stati Uniti. Il fornitore di questo sito non ha alcuna influenza su questo trasferimento di dati.<\/p>\n\n\n\n<p>L&#8217;uso di Google Maps ha come ai obiettivo una presentazione attraente delle nostre offerte online e di una facile reperibilit\u00e0 dei luoghi da noi indicati sul sito web.<\/p>\n\n\n\n<p>Ci\u00f2 costituisce un interesse legittimo imperativo da parte nostra nel senso di cui all&#8217;art. 6 par.1 S. 1 lit f DSGVO (GDPR).<\/p>\n\n\n\n<p>Per ulteriori informazioni su come sono gestite i dati dell&#8217;utente, consultare l&#8217;informativa sulla privacy di Google: https:\/\/www.google.de\/intl\/en\/policies\/privacy\/<br>Richieste e-mail<\/p>\n\n\n\n<p>Per richieste via e-mail, il tuo indirizzo e-mail verr\u00e0 inviato automaticamente. Questo indirizzo verr\u00e0 utilizzato per la nostra risposta. La tua richiesta e-mail rimarr\u00e0 archiviata in conformit\u00e0 con gli obblighi legali di conservazione e documentazione. Se la tua richiesta contiene ulteriori dati personali per l&#8217;apertura di un rapporto commerciale, ti chiederemo il consenso per quanto riguarda l&#8217;elaborazione dei dati. Se la tua e-mail apre immediatamente il rapporto commerciale, archiviamo questi dati per l&#8217;adempimento degli obblighi contrattuali (articolo 6 capoverso 1 lettera GDPR).<\/p>\n\n\n\n<p><strong>Trasferimento di dati&nbsp;<\/strong><\/p>\n\n\n\n<p>Il trasferimento dei dati personali a terze parti per scopi diversi da quelli elencati di seguito non ha luogo. Divulghiamo le vostre informazioni personali solo a terzi se &#8230;<\/p>\n\n\n\n<ul class=\"wp-block-list\">\n<li>avete dato il vostro esplicito consenso a questo (articolo 6, paragrafo 1, punto 1, lettera GDPR)<\/li>\n\n\n\n<li>i trasferimenti, ai sensi dell&#8217;art. 6 par. 1 s. 1 lit. DSGVO, \u00e8 tenuto ad affermare, esercitare o difendere i diritti legali e non vi \u00e8 alcun motivo per ritenere che tu abbia un interesse legittimo imperativo a non divulgare i tuoi dati<\/li>\n\n\n\n<li>per il trasferimento secondo l&#8217;art. 6 par. 1 s. 1 lit. c DSGVO vi \u00e8 un obbligo di legge, o permesso dalla legge, o in conformit\u00e0 con l&#8217;art. 6 par. 1 s. 1 lit. b Il trasferimento DSGVO \u00e8 necessario per il regolamento dei rapporti contrattuali con voi.<\/li>\n<\/ul>\n\n\n\n<p><strong>I tuoi diritti riguardando i tuoi dati<\/strong><\/p>\n\n\n\n<p>Come persona coinvolta, hai il diritto &#8230;<\/p>\n\n\n\n<ul class=\"wp-block-list\">\n<li>in conformit\u00e0 con l&#8217;art. 15 GDPR, per richiedere informazioni sui tuoi dati personali da noi trattati. In particolare, \u00e8 possibile richiedere informazioni sugli scopi del trattamento, sulla categoria di dati personali, sulle categorie dei destinatari a cui sono state comunicate le informazioni, sul periodo di conservazione previsto, sul diritto di rettifica, cancellazione, limitazione di trattamento o opposizione, sull&#8217;esistenza di un diritto di ricorso, la fonte dei tuoi dati se non sono stati raccolti da noi, cos\u00ec come l&#8217;esistenza di un processo decisionale automatico che includa la profilazione e che potrebbe richiedere informazioni significative nei loro dettagli.<\/li>\n\n\n\n<li>in conformit\u00e0 con l&#8217;art. 16 GDPR, per richiedere immediatamente la correzione di dati errati o il completamento di dati personali incompleti memorizzati da noi.<\/li>\n\n\n\n<li>in conformit\u00e0 con l&#8217;art. 17 GDPR, per richiedere la cancellazione dei dati personali da noi archiviati, a meno che il trattamento non sia richiesto per l&#8217;esercizio del diritto alla libert\u00e0 di espressione e informazione, per adempiere a un obbligo legale per motivi di interesse pubblico o per rivendicare o difendere reclami legali.<\/li>\n\n\n\n<li>in conformit\u00e0 con l&#8217;art. 18 GDPR, per chiedere la limitazione del trattamento dei tuoi dati personali, per quanto riguarda l&#8217;accuratezza dei dati da te contestati, l&#8217;elaborazione \u00e8 illegale, ma tu rifiuti la loro cancellazione e non abbiamo pi\u00f9 bisogno dei dati, ma tu li richiedi di far valere o esercitare diritti legali o in conformit\u00e0 con l&#8217;art. 21 GDPR si \u00e8 opposto all&#8217;elaborazione.<\/li>\n\n\n\n<li>in conformit\u00e0 con l&#8217;art. 20 GDPR, per ricevere le informazioni personali forniteci in un formato strutturato, comune e leggibile da una macchina o per richiedere che venga trasmessa ad un&#8217;altra persona responsabile.<\/li>\n\n\n\n<li>in conformit\u00e0 con l&#8217;art. 7 par. un GDPR, il tuo consenso una volta dato ou\u00f2 essere in ogni momento rifiutato. Di conseguenza, non \u00e8 pi\u00f9 consentito continuare l&#8217;elaborazione dei dati basata su questo consenso per il futuro e<\/li>\n\n\n\n<li>in conformit\u00e0 con l&#8217;art. 77 GDPR, per presentare un reclamo a un&#8217;autorit\u00e0 di controllo. In generale, puoi contattare il supervisore della tua solita residenza o luogo di lavoro o la nostra sede centrale per questo.<\/li>\n<\/ul>\n\n\n\n<p><strong>Diritto di obiezione<\/strong><\/p>\n\n\n\n<p>Se i tuoi dati personali sono trattati sulla base di interessi legittimi ai sensi dell&#8217;art. 6 par. 1 S, 1 lit f GDPR, avete il diritto, in conformit\u00e0 con l&#8217;art. 21 GDPR, di opporsi al trattamento dei dati personali. Se ci sono ragioni per questo derivanti dalla tua situazione particolare o se l&#8217;obiezione \u00e8 diretta contro la pubblicit\u00e0 diretta. In quest&#8217;ultimo caso, hai un diritto generale di obiezione che applichiamo senza specificare alcuna situazione particolare. Se si desidera utilizzare il proprio diritto di revoca o di opposizione, si prega di inviare una e-mail a <a href=\"mailto:info@erkodent.com\">info@erkodent.com<\/a> o <a href=\"mailto:datenschutz@erkodent.com\">datenschutz@erkodent.com<\/a>.<\/p>\n\n\n\n<p><strong>Sicurezza dei dati<\/strong><\/p>\n\n\n\n<p>Utilizziamo il famoso metodo SSL (Secure Socket Layer) all&#8217;interno della visita del sito, in combinazione con il pi\u00f9 alto livello di crittografia supportato dal tuo browser. Questa \u00e8 solitamente la crittografia a 256-bit. Se il tuo browser non supporta la crittografia a 256-bit, utilizzeremo invece la tecnologia 128-bitv3. Inoltre adottiamo misure di sicurezza tecniche e organizzative appropriate per proteggere i dati da manipolazioni accidentali o intenzionali, perdita totale o parziale, distruzione o accesso non autorizzato da parte di terzi. Le nostre misure di sicurezza sono continuamente migliorate in linea con gli sviluppi tecnologici.<\/p>\n\n\n\n<p><strong>Domande di lavoro<\/strong><\/p>\n\n\n\n<p>Abbiamo adottato misure tecniche e organizzative per proteggere i dati da manipolazioni accidentali o intenzionali e accessi non autorizzati. Il trasferimento della tua domanda online \u00e8 quindi criptato secondo il modo migliore attualmente riconosciuto. Se si applica online, salveremo i dati dell&#8217;applicazione per la durata del file.<\/p>\n\n\n\n<p>Dopo il completamento della procedura di richiesta e solo se ci\u00f2 \u00e8 necessario per mantenere i nostri interessi legittimi o se avete espressamente acconsentito alla memorizzazione dei dati della vostra domanda per un&#8217;ulteriore elaborazione. Per le applicazioni scritte, i dati della tua applicazione verranno registrati digitalmente solo se ti invitiamo a un colloquio di lavoro. In caso di cancellazione ti invieremo i tuoi documenti. In caso di annullamento dopo il colloquio di lavoro, elimineremo i dati personali registrati digitalmente, a meno che non vi siano interessi legittimi. Nel caso di un impegno e di un impiego successivo, i documenti dell&#8217;applicazione diventano parte del file personale. I dati personali sono soggetti a un controllo di accesso restrittivo che garantisce che solo le persone autorizzate possano accedere ai tuoi dati. I dati dell&#8217;applicazione verranno utilizzati solo dai responsabili delle applicazioni. I dati dell&#8217;applicazione possono essere utilizzati per statistiche interne anonime. Qualsiasi ulteriore utilizzo o trasferimento dei dati delle applicazioni a terzi non avr\u00e0 luogo.<\/p>\n\n\n\n<p><strong>Disposizioni sulla protezione dei dati in merito all&#8217;applicazione e all&#8217;uso di Facebook<\/strong><\/p>\n\n\n\n<p>Per il servizio di informazione qu\u00ec offerto, l&#8217;utente \/ utente accede alla piattaforma tecnica e ai servizi di Facebook Ireland Ltd., 4 Grand Canal Square Grand Canal Harbor, Dublino 2, Irlanda.<\/p>\n\n\n\n<p>Ti ricordiamo che hai questa pagina Facebook e le sue funzionalit\u00e0 sono sotto la tua responsabilit\u00e0. Ci\u00f2 \u00e8 particolarmente vero per l&#8217;uso di funzionalit\u00e0 interattive (ad es. Commenti, condivisione, valutazione). In alternativa, \u00e8 possibile accedere alle informazioni fornite in questa pagina sul nostro sito Web all&#8217;indirizzo&nbsp;<a href=\"https:\/\/www.erkodent.de\/en\/\">erkodent.de<\/a>.<\/p>\n\n\n\n<p>Quando visiti la nostra pagina Facebook, Facebook raccoglie il tuo indirizzo IP e ulteriori informazioni che esistono sotto forma di cookie sul tuo PC. Queste informazioni vengono utilizzate per fornirci come l&#8217;operatore delle informazioni statistiche delle pagine Facebook sull&#8217;uso della pagina di Facebook. Per ulteriori informazioni, contattare Facebook al seguente link: <a href=\"https:\/\/www.facebook.com\/help\/pages\/insights\">facebook.com\/help\/pages\/insights<\/a>.<\/p>\n\n\n\n<p>I dati raccolti su di te in questo contesto saranno elaborati da Facebook e, se \u00e8 il caso, trasmessi a paesi al di fuori dell&#8217;Unione Europea. Le informazioni ricevute da Facebook e il modo in cui vengono utilizzate sono generalmente descritte da Facebook nelle sue politiche di utilizzo dei dati. L\u00ec troverai anche informazioni sulle opzioni di contatto per Facebook e le opzioni di impostazione per la pubblicit\u00e0. Le linee guida sull&#8217;uso dei dati sono disponibili al seguente link:<br>La politica completa di utilizzo dei dati di Facebook pu\u00f2 essere trovata qui: <a href=\"https:\/\/de-de.facebook.com\/full_data_use_policy\">facebook.com\/full_data_use_policy<\/a>.<\/p>\n\n\n\n<p>Il modo in cui Facebook utilizza i dati delle visite alle pagine di Facebook per i propri scopi, la misura in cui le attivit\u00e0 sulla pagina di Facebook sono associate ai singoli utenti, per quanto tempo Facebook memorizza questi dati e se i dati di una visita alla pagina di Facebook sono trasmesso a terzi non \u00e8 definitivamente chiarito e indicato da Facebook e non \u00e8 noto a noi.<\/p>\n\n\n\n<p>Quando si accede a una pagina di Facebook, l&#8217;indirizzo IP assegnato al dispositivo viene trasmesso a Facebook. Secondo Facebook, questo indirizzo IP \u00e8 anonimo (per indirizzi IP &#8220;tedeschi&#8221;) e cancellato dopo 90 giorni. Inoltre, Facebook memorizza anche informazioni sui dispositivi dei propri utenti (ad esempio come parte della funzione &#8220;Notifica accesso&#8221;); Pertanto, Facebook potrebbe essere in grado di assegnare indirizzi IP ai singoli utenti.<\/p>\n\n\n\n<p>Se si \u00e8 attualmente connessi a Facebook come utente, sul dispositivo \u00e8 presente un cookie con l&#8217;ID di Facebook. Ci\u00f2 consente a Facebook di vedere la tua visita a questa pagina e come l&#8217;hai usata. Questo vale anche per tutte le altre pagine di Facebook. I pulsanti di Facebook integrati nei siti Web consentono a Facebook di registrare le visite alle pagine di questi siti Web e assegnarle al tuo profilo Facebook. Il contenuto o la pubblicit\u00e0 possono essere offerti su misura per te sulla base di questi dati.<\/p>\n\n\n\n<p>Se vuoi evitare questo, devi uscire da Facebook o disattivare la funzione &#8220;resta connesso&#8221;, eliminare i cookie esistenti sul dispositivo e chiudere il browser e riavviarlo, in questo modo vengono eliminate le informazioni di Facebook che puoi immediatamente identificare. Questo ti permette di usare la nostra pagina Facebook senza che il tuo ID di Facebook sia divulgato. Se vuoi accedere alle funzionalit\u00e0 interattive della pagina (come commenti, condivisione, notizie, ecc.), \u00c8 necessario un login su Facebook.<br>Per informazioni su come gestire o eliminare le informazioni esistenti su di te, visita le seguenti pagine di supporto di Facebook:<\/p>\n\n\n\n<p>Inoltre, noi come fornitore del servizio di informazione non raccogliamo ed elaboriamo alcun dato dall&#8217;utilizzo del nostro servizio.<br>Questa dichiarazione sulla protezione dei dati pu\u00f2 essere trovata nella versione attualmente valida Mostra &#8220;Privacy&#8221; sulla nostra pagina Facebook.<br>Se avete domande sulla nostra offerta di informazioni, potete contattarci all&#8217;indirizzo e-mail: <a href=\"mailto:datenschutz@erkodent.com\">datenschutz@erkodent.com<\/a>.<\/p>\n\n\n\n<p>Attualizzazione e modifica di questa informativa sulla privacy dei dati<\/p>\n\n\n\n<p>La presente informativa sulla privacy potrebbe richiedere un aggiornamento di volta in volta, ad es. a causa dell&#8217;implementazione di nuove tecnologie o dell&#8217;introduzione di nuovi servizi.<\/p>\n\n\n\n<p>Ci riserviamo il diritto di modificare o integrare la presente Informativa sulla privacy in qualsiasi momento. Le modifiche alla presente Informativa sulla privacy si applicano dalla data di pubblicazione sul sito web. Se si continua a utilizzare il sito dopo aver apportato modifiche alla politica sulla privacy, l&#8217;utente accetta di essere vincolato da tali modifiche.<br>Questa politica sulla privacy \u00e8 stata aggiornata l&#8217;ultima volta il 15.10.2018.<\/p>\n\n\n\n<p>Erkodent Erich Kopp GmbH<br>Siemensstra\u00dfe 3<br>72285 Pfalzgrafenweiler<br>Tel.: +49 (0) 7445 8501 \u2013 0<br><a href=\"mailto:info@erkodent.com\">info@erkodent.com<\/a><\/p>\n","protected":false},"excerpt":{"rendered":"<p>Questa informativa sulla privacy dei dati \u00e8 valida per il trattamento dei dati da parte di Erkodent Erich Kopp GmbH. Contatto per i responsabili del trattamento dei dati e il responsabile della protezione dei dati: Responsabile:Erkodent Erich Kopp GmbHSiemensstra\u00dfe 372285 PfalzgrafenweilerGermanymail: info@erkodent.comTel.: +49 (0) 7445 8501 -0rappresentato da Hans-Peter Kopp (direttore esecutivo)Responsabile della protezione dei [&hellip;]<\/p>\n","protected":false},"author":1,"featured_media":0,"parent":0,"menu_order":0,"comment_status":"closed","ping_status":"open","template":"","meta":{"_acf_changed":false,"footnotes":""},"class_list":["post-1924","page","type-page","status-publish","hentry"],"acf":[],"_links":{"self":[{"href":"https:\/\/www.erkodent.de\/it\/wp-json\/wp\/v2\/pages\/1924"}],"collection":[{"href":"https:\/\/www.erkodent.de\/it\/wp-json\/wp\/v2\/pages"}],"about":[{"href":"https:\/\/www.erkodent.de\/it\/wp-json\/wp\/v2\/types\/page"}],"author":[{"embeddable":true,"href":"https:\/\/www.erkodent.de\/it\/wp-json\/wp\/v2\/users\/1"}],"replies":[{"embeddable":true,"href":"https:\/\/www.erkodent.de\/it\/wp-json\/wp\/v2\/comments?post=1924"}],"version-history":[{"count":8,"href":"https:\/\/www.erkodent.de\/it\/wp-json\/wp\/v2\/pages\/1924\/revisions"}],"predecessor-version":[{"id":7857,"href":"https:\/\/www.erkodent.de\/it\/wp-json\/wp\/v2\/pages\/1924\/revisions\/7857"}],"wp:attachment":[{"href":"https:\/\/www.erkodent.de\/it\/wp-json\/wp\/v2\/media?parent=1924"}],"curies":[{"name":"wp","href":"https:\/\/api.w.org\/{rel}","templated":true}]}}