{"id":172,"date":"2018-07-26T17:09:18","date_gmt":"2018-07-26T15:09:18","guid":{"rendered":"http:\/\/erkodent.mars.martiniwerbeagentur.de\/?page_id=172"},"modified":"2024-06-27T15:23:40","modified_gmt":"2024-06-27T13:23:40","slug":"zertifikate","status":"publish","type":"page","link":"https:\/\/www.erkodent.de\/ortho\/service-download\/zertifikate\/","title":{"rendered":"Qualit\u00e4t-Zertifikate und Konformit\u00e4tserkl\u00e4rungen"},"content":{"rendered":"","protected":false},"excerpt":{"rendered":"","protected":false},"author":1,"featured_media":0,"parent":33,"menu_order":0,"comment_status":"closed","ping_status":"closed","template":"tpl-database.php","meta":{"_acf_changed":false,"footnotes":""},"class_list":["post-172","page","type-page","status-publish","hentry"],"acf":[],"_links":{"self":[{"href":"https:\/\/www.erkodent.de\/ortho\/wp-json\/wp\/v2\/pages\/172"}],"collection":[{"href":"https:\/\/www.erkodent.de\/ortho\/wp-json\/wp\/v2\/pages"}],"about":[{"href":"https:\/\/www.erkodent.de\/ortho\/wp-json\/wp\/v2\/types\/page"}],"author":[{"embeddable":true,"href":"https:\/\/www.erkodent.de\/ortho\/wp-json\/wp\/v2\/users\/1"}],"replies":[{"embeddable":true,"href":"https:\/\/www.erkodent.de\/ortho\/wp-json\/wp\/v2\/comments?post=172"}],"version-history":[{"count":4,"href":"https:\/\/www.erkodent.de\/ortho\/wp-json\/wp\/v2\/pages\/172\/revisions"}],"predecessor-version":[{"id":3211,"href":"https:\/\/www.erkodent.de\/ortho\/wp-json\/wp\/v2\/pages\/172\/revisions\/3211"}],"up":[{"embeddable":true,"href":"https:\/\/www.erkodent.de\/ortho\/wp-json\/wp\/v2\/pages\/33"}],"wp:attachment":[{"href":"https:\/\/www.erkodent.de\/ortho\/wp-json\/wp\/v2\/media?parent=172"}],"curies":[{"name":"wp","href":"https:\/\/api.w.org\/{rel}","templated":true}]}}