{"id":3,"date":"2018-07-04T13:25:46","date_gmt":"2018-07-04T13:25:46","guid":{"rendered":"http:\/\/erkodent.mars.martiniwerbeagentur.de\/?page_id=3"},"modified":"2024-06-27T15:10:30","modified_gmt":"2024-06-27T13:10:30","slug":"datenschutz","status":"publish","type":"page","link":"https:\/\/www.erkodent.de\/ortho\/datenschutz\/","title":{"rendered":"Datenschutz"},"content":{"rendered":"\n<p>Diese Datenschutzerkl\u00e4rung gilt f\u00fcr die Datenverarbeitung durch die Erkodent Erich Kopp GmbH.<\/p>\n\n\n\n<p>Kontaktdaten des f\u00fcr die Verarbeitung von Daten Verantwortlichen sowie des betrieblichen Datenschutzbeauftragten:<\/p>\n\n\n\n<h2 class=\"wp-block-heading\">Verantwortlicher:<\/h2>\n\n\n\n<p>Erkodent Erich Kopp GmbH<br>Siemensstra\u00dfe 3<br>72285 Pfalzgrafenweiler<br>mail:&nbsp;<a href=\"mailto:info@erkodent.com\">info@erkodent.com<\/a><br>Tel.: +49 (0) 7445 8501 -0<br>vertreten durch den Gesch\u00e4ftsf\u00fchrer Hans-Peter Kopp<\/p>\n\n\n\n<h2 class=\"wp-block-heading\">Datenschutzbeauftragte(r):<\/h2>\n\n\n\n<p>Unsere(n) Datenschutzbeauftragte(n) der Erkodent Erich Kopp GmbH erreichen Sie unter:<\/p>\n\n\n\n<p>Datenschutzbeauftragte(r)<br>Erkodent Erich Kopp GmbH<br>Siemensstra\u00dfe 3<br>72285 Pfalzgrafenweiler<br>E-Mail:&nbsp;<a href=\"mailto:datenschutz@erkodent.com\">datenschutz@erkodent.com<\/a><\/p>\n\n\n\n<h2 class=\"wp-block-heading\">Erhebung und Speicherung personenbezogener Daten sowie Art und Zweck deren Verwendung<\/h2>\n\n\n\n<h3 class=\"wp-block-heading\">Beim Besuch der Website<\/h3>\n\n\n\n<p>Beim Aufruf unserer Website <a href=\"https:\/\/www.erkodent.de\/startseite\/\">erkodent.de<\/a> (.com) werden durch den auf Ihrem Endger\u00e4t zum Einsatz kommenden Browser automatisch Informationen an den Server unserer Website gesendet. Diese Informationen werden ohne Ihr Zutun tempor\u00e4r in einem sogenannten Logfile gespeichert.<br>Folgende Informationen werden dabei erfasst und bis zur automatischen L\u00f6schung gespeichert:<\/p>\n\n\n\n<ul class=\"wp-block-list\">\n<li>Datum und Uhrzeit des Zugriffs<\/li>\n\n\n\n<li>Name und URL der abgerufenen Datei<\/li>\n\n\n\n<li>Verwendeter Browser<\/li>\n\n\n\n<li>Website, von der aus der Zugriff erfolgt (Referrer-URL)<\/li>\n<\/ul>\n\n\n\n<p>Die genannten Daten werden durch uns zu folgenden Zwecken verarbeitet:<\/p>\n\n\n\n<ul class=\"wp-block-list\">\n<li>Gew\u00e4hrleistung eines reibungslosen Verbindungsaufbaus der Website<\/li>\n\n\n\n<li>Gew\u00e4hrleistung einer komfortablen Nutzung unserer Website<\/li>\n\n\n\n<li>Ausweitung der Systemsicherheit und -stabilit\u00e4t sowie<\/li>\n\n\n\n<li>zu weiteren administrativen Zwecken<\/li>\n<\/ul>\n\n\n\n<p>Die Rechtsgrundlage f\u00fcr die Datenverarbeitung ist Art. 6 Abs. 1 S. 1 lit f DSGVO.<br>Unser berechtigtes Interesse folgt aus den oben gelisteten Zwecken zur Datenerhebung. In keinem Fall verwenden wir die erhobenen Daten zu dem Zweck, R\u00fcckschl\u00fcsse auf Ihre Person zu ziehen.<\/p>\n\n\n\n<h3 class=\"wp-block-heading\">Cookies<\/h3>\n\n\n\n<p>Cookies sind kleine Textdateien, die bei dem Besuch eines Online-Angebots auf Ihrem Computer gespeichert werden. Wird dieses Online-Angebot von Ihnen erneut aufgerufen, sendet Ihr Browser den Inhalt der Cookies an den jeweiligen Anbieter zur\u00fcck und erm\u00f6glicht so eine Wiedererkennung des Endger\u00e4ts. Das Auslesen von Cookies erm\u00f6glicht es uns, unser Online-Angebot f\u00fcr Sie optimal zu gestalten und Ihnen die Nutzung zu erleichtern.<\/p>\n\n\n\n<h3 class=\"wp-block-heading\">Google Maps<\/h3>\n\n\n\n<p>Diese Seite nutzt \u00fcber eine API den Kartendienst Google Maps. Anbieter ist Google LLC, 1600 Amphitheatre Parkway, Mountain View, CA 94043, USA.<\/p>\n\n\n\n<p>Zur Nutzung der Funktionen von Google Maps ist es notwendig, Ihre IP Adresse zu speichern. Diese Informationen werden in der Regel an einen Server der Google LLC in den USA \u00fcbertragen und dort gespeichert. Der Anbieter dieser Seite hat keinen Einfluss auf diese Daten\u00fcbertragung.<\/p>\n\n\n\n<p>Die Nutzung von Google Maps erfolgt im Interesse einer ansprechenden Darstellung unserer Online-Angebote und an einer leichten Auffindbarkeit der von uns auf der Website angegebenen Orte. Dies stellt ein \u00fcberwiegendes berechtigtes Interesse unsererseits im Sinne von Art. 6 Abs. 1 lit. f DSGVO dar.<\/p>\n\n\n\n<p>Mehr Informationen zum Umgang mit Nutzerdaten finden Sie in der Datenschutzerkl\u00e4rung von Google: <a href=\"https:\/\/www.google.de\/intl\/de\/policies\/privacy\/\">https:\/\/www.google.de\/intl\/de\/policies\/privacy\/<\/a><\/p>\n\n\n\n<h3 class=\"wp-block-heading\">E-Mail Anfragen<\/h3>\n\n\n\n<p>Bei E-Mail Anfragen wird automatisch Ihre mail Adresse \u00fcbermittelt. F\u00fcr unsere R\u00fcckantwort wird diese Adresse verwendet. Ihre E-Mail Anfrage bleibt entsprechend der gesetzlichen Aufbewahrungs- und Dokumentationspflichten gespeichert. Sollte Ihre Anfrage weitere pers\u00f6nliche Daten zur Er\u00f6ffnung einer Gesch\u00e4ftsbeziehung enthalten werden wir Ihr Einverst\u00e4ndnis zur Datenverarbeitung einholen. Er\u00f6ffnet Ihre Mail die Gesch\u00e4ftsbeziehung unmittelbar werden wir diese Daten zur Erf\u00fcllung von vertraglichen Pflichten speichern (Art. 6 Abs. 1 lit. f GSGVO)<\/p>\n\n\n\n<h3 class=\"wp-block-heading\">Weitergabe von Daten<\/h3>\n\n\n\n<p>Eine \u00dcbermittlung Ihrer pers\u00f6nlichen Daten an Dritte zu anderen, als den im Folgenden aufgef\u00fchrten Zwecken, findet nicht statt. Wir geben Ihre pers\u00f6nlichen Daten nur an Dritte weiter, wenn<\/p>\n\n\n\n<ul class=\"wp-block-list\">\n<li>Sie nach Art. 6 Abs. 1 S. 1 lit. a DSGVO Ihre ausdr\u00fcckliche Einwilligung hierzu erteilt haben<\/li>\n\n\n\n<li>die Weitergabe nach Art. 6 Abs. S. 1 lit. f DSGVO zur Geltendmachung, Aus\u00fcbung oder Verteidigung von Rechtsanspr\u00fcchen erforderlich ist und kein Grund zur Annahme besteht, dass Sie ein \u00fcberwiegendes schutzw\u00fcrdiges Interesse an der Nichtweitergabe Ihrer Daten haben<\/li>\n\n\n\n<li>f\u00fcr die Weitergabe nach AR. 6 Abs. 1 S, 1 lit. c DSGVO eine gesetzliche Verpflichtung besteht, sowie dies gesetzlich zul\u00e4ssig und nach Art. 6Abs. 1 S. 1 lit. b DSGVO f\u00fcr die Abwicklung von Vertragsverh\u00e4ltnissen mit Ihnen erforderlich ist.<\/li>\n<\/ul>\n\n\n\n<h2 class=\"wp-block-heading\">Ihre Datenschutzrechte<\/h2>\n\n\n\n<h3 class=\"wp-block-heading\">Als betroffene Person haben Sie das Recht<\/h3>\n\n\n\n<ul class=\"wp-block-list\">\n<li>gem\u00e4\u00df Art. 15 DSGVO Auskunft \u00fcber Ihre von uns verarbeiteten personenbezogenen Daten zu verlangen. Insbesondere k\u00f6nnen Sie Auskunft \u00fcber die Verarbeitungszwecke, die Kategorie der personenbezogenen Daten, die Kategorien von Empf\u00e4ngern, gegen\u00fcber welchen Ihre Daten offengelegt wurden oder werden, die geplante Speicherdauer das Bestehen eines Rechts auf Berichtigung, L\u00f6schung, Einschr\u00e4nkung der Verarbeitung oder Widerspruch, das Bestehen eines Beschwerderechts, die Herkunft Ihrer Daten sofern diese nicht bei uns erhoben wurden, sowie \u00fcber das Bestehen einer automatisierten Entscheidungsfindung einschlie\u00dflich Profiling und ggf. aussagekr\u00e4ftigen Informationen zu deren Einzelheiten verlangen<\/li>\n\n\n\n<li>gem\u00e4\u00df Art. 16 DSGVO unverz\u00fcglich die Berichtigung unrichtiger oder Vervollst\u00e4ndigung Ihrer bei uns gespeicherten personenbezogenen Daten zu verlangen<\/li>\n\n\n\n<li>gem\u00e4\u00df Art. 17 DSGVO die L\u00f6schung Ihrer bei uns gespeicherten personenbezogenen Daten zu verlangen, soweit nicht die Verarbeitung zur Aus\u00fcbung des Rechts auf freie Meinungs\u00e4u\u00dferung und Information, zur Erf\u00fcllung einer rechtlichen Verpflichtung aus Gr\u00fcnden des \u00f6ffentlichen Interesses oder zur Geltendmachung Aus\u00fcbung oder Verteidigung von Rechtsanspr\u00fcchen erforderlich ist<\/li>\n\n\n\n<li>gem\u00e4\u00df Art. 18 DSGVO die Einschr\u00e4nkung der Verarbeitung Ihrer personenbezogenen Daten zu verlangen, soweit die Richtigkeit der Daten von Ihnen bestritten wird, die Verarbeitung unrechtm\u00e4\u00dfig ist, Sie aber deren L\u00f6schung ablehnen und wir die Daten nicht mehr ben\u00f6tigen, Sie diese jedoch zur Geltendmachung Aus\u00fcbung oder Verteidigung von Rechtsanspr\u00fcchen ben\u00f6tigen oder Sie gem. Art. 21 DSGVO Widerspruch gegen die Verarbeitung eingelegt haben<\/li>\n\n\n\n<li>gem\u00e4\u00df Art. 20 DSGVO Ihre personenbezogenen Daten, die Sie uns bereitgestellt haben, in einem strukturierten, g\u00e4ngigen und maschinenlesbaren Format zu erhalten oder die \u00dcbermittlung an einen anderen Verantwortlichen zu verlangen<\/li>\n\n\n\n<li>gem\u00e4\u00df Art. 7 Abs. a DSGVO Ihre einmal erteilte Einwilligung uns gegen\u00fcber jederzeit zu widerrufen. Dies hat zur Folge, dass wir die Datenverarbeitung, die auf dieser Einwilligung beruhte f\u00fcr die Zukunft nicht mehr fortf\u00fchren d\u00fcrfen und<\/li>\n\n\n\n<li>gem\u00e4\u00df Art. 77 DSGVO sich bei einer Aufsichtsbeh\u00f6rde zu beschweren. In der Regel k\u00f6nnen Sie sich hierf\u00fcr an die Aufsichtsbeh\u00f6rde Ihres \u00fcblichen Aufenthaltsorts oder Arbeitsplatzes oder unseres Firmensitzes wenden.<\/li>\n<\/ul>\n\n\n\n<h3 class=\"wp-block-heading\">Widerspruchsrecht<\/h3>\n\n\n\n<p>Sofern Ihre personenbezogenen Daten auf Grundlage von berechtigten Interessen gem. Art 6 Abs. 1 S, 1 lit f DSGVO verarbeitet werden, haben Sie das Recht, gem. Art. 21 DSGVO Widerspruch gegen die Verarbeitung Ihrer personenbezogenen Daten einzulegen. soweit daf\u00fcr Gr\u00fcnde vorliegen, die sich aus Ihrer besonderen Situation ergeben, oder sich der Widerspruch gegen Direktwerbung richtet. Im letzteren Fall haben Sie ein generelles Widerspruchsrecht das ohne Angabe einer besonderen Situation von uns umgesetzt wird. M\u00f6chten Sie von Ihrem Widerrufs- oder Widerspruchsrecht Gebrauch machen, gen\u00fcgt eine E-Mail an&nbsp;<a href=\"mailto:info@erkodent.com\">info@erkodent.com<\/a>&nbsp;oder&nbsp;<a href=\"mailto:datenschutz@erkodent.com\">datenschutz@erkodent.com<\/a><\/p>\n\n\n\n<h3 class=\"wp-block-heading\">Datensicherheit<\/h3>\n\n\n\n<p>Wir verwenden innerhalb des Website-Besuchs das verbreitete SSL-Verfahren (Secure Socket Layer) in Verbindung mit der jeweils h\u00f6chsten Verschl\u00fcsselungsstufe, die von Ihrem Browser unterst\u00fctzt wird. In der Regel handelt es sich dabei um eine 256-Bit-Verschl\u00fcsselung. Falls Ihr Browser keine 256-Bit-Verschl\u00fcsselung unterst\u00fctzt, greifen wir stattdessen auf 128 Bitv3-Technologie zur\u00fcck. Wir bedienen uns im \u00dcbrigen geeigneter technischer und organisatorischer Sicherheitsma\u00dfnahmen, um Ihre Daten gegen zuf\u00e4llige oder vors\u00e4tzliche Manipulationen, teilweisen oder vollst\u00e4ndigen Verlust, Zerst\u00f6rung oder gegen den unbefugten Zugriff Dritter zu sch\u00fctzen. Unsere Sicherheitsma\u00dfnahmen werden entsprechend der technologischen Entwicklung fortlaufend verbessert.<\/p>\n\n\n\n<h3 class=\"wp-block-heading\">Bewerbungen<\/h3>\n\n\n\n<p>Wir haben technische und organisatorische Ma\u00dfnahmen ergriffen um Ihre Daten gegen zuf\u00e4llige oder vors\u00e4tzliche Manipulationen und unberechtigte Zugriffe zu sch\u00fctzen. Bei schriftlichen Bewerbungen werden Ihre Bewerbungsdaten nur dann digital erfasst, wenn wir Sie zu einem Bewerbungsgespr\u00e4ch einladen. Bei einer Absage senden wir Ihnen Ihre Unterlagen zur\u00fcck. Bei einer Absage nach dem Vorstellungsgespr\u00e4ch l\u00f6schen wir die digital erfassten Personendaten, sofern keine berechtigten Interessen dagegenstehen. Bei einer Zusage und einem anschlie\u00dfenden Anstellungsverh\u00e4ltnis werden die Bewerbungsunterlagen Teil der Personalakte. Personenbezogene Daten unterliegen einer restriktiven Zugriffskontrolle die gew\u00e4hrleistet, dass nur befugte Personen auf Ihre Daten zugreifen k\u00f6nnen. Ihre Bewerbungsdaten werden grunds\u00e4tzlich nur von den f\u00fcr Bewerbungen zust\u00e4ndigen Personen verwendet. Ihre Bewerbungsdaten k\u00f6nnen f\u00fcr anonymisierte, interne Statistiken verwendet werden. Eine dar\u00fcberhinausgehende Nutzung oder Weitergabe Ihrer Bewerbungsdaten an Dritte erfolgt nicht.<\/p>\n\n\n\n<h3 class=\"wp-block-heading\">Datenschutzbestimmungen zu Einsatz und Verwendung von Facebook<\/h3>\n\n\n\n<p>Der\/Die Nutzer\/Nutzerin greift f\u00fcr den hier angebotenen Informationsdienst auf die technische Plattform und die Dienste der Facebook Ireland Ltd., 4 Grand Canal Square Grand Canal Harbour, Dublin 2, Ireland zur\u00fcck.<\/p>\n\n\n\n<p>Wir weisen Sie darauf hin, dass Sie diese Facebook-Seite und ihre Funktionen in eigener Verantwortung nutzen. Dies gilt insbesondere f\u00fcr die Nutzung der interaktiven Funktionen (z.B. Kommentieren, Teilen, Bewerten). Alternativ k\u00f6nnen Sie die \u00fcber diese Seite angebotenen Informationen auch auf unserem Internet-Angebot unter <a href=\"https:\/\/www.erkodent.de\/startseite\/\">erkodent.de<\/a> abrufen.<\/p>\n\n\n\n<p>Beim Besuch unserer Facebook-Seite erfasst Facebook u.a Ihre IP-Adresse sowie weitere Informationen, die in Form von Cookies auf Ihrem PC vorhanden sind. Diese Informationen werden verwendet, um uns als Betreiber der Facebook-Seiten statistische Informationen \u00fcber die Inanspruchnahme der Facebook-Seite zur Verf\u00fcgung zu stellen. N\u00e4here Informationen hierzu stellt Facebook unter folgendem Link zur Verf\u00fcgung: <a href=\"https:\/\/de-de.facebook.com\/help\/pages\/insights\">de-de.facebook.com\/help\/pages\/insights<\/a>.<\/p>\n\n\n\n<p>Die in diesem Zusammenhang \u00fcber Sie erhobenen Daten werden von der Facebook Ltd. verarbeitet und dabei gegebenenfalls in L\u00e4nder au\u00dferhalb der Europ\u00e4ischen Union \u00fcbertragen. Welche Informationen Facebook erh\u00e4lt und wie diese verwendet werden, beschreibt Facebook in allgemeiner Form in seinen Datenverwendungsrichtlinien. Dort finden Sie auch Informationen \u00fcber Kontaktm\u00f6glichkeiten zu Facebook sowie zu den Einstellm\u00f6glichkeiten f\u00fcr Werbeanzeigen. Die Datenverwendungsrichtlinien sind unter folgendem Link verf\u00fcgbar:<\/p>\n\n\n\n<p><a href=\"https:\/\/de-de.facebook.com\/about\/privacy\">de-de.facebook.com\/about\/privacy<\/a><\/p>\n\n\n\n<p>Die vollst\u00e4ndigen Datenrichtlinien von Facebook finden Sie hier:<\/p>\n\n\n\n<p><a href=\"https:\/\/de-de.facebook.com\/full_data_use_policy\">de-de.facebook.com\/full_data_use_policy<\/a><\/p>\n\n\n\n<p>In welcher Weise Facebook die Daten aus dem Besuch von Facebook-Seiten f\u00fcr eigene Zwecke verwendet, in welchem Umfang Aktivit\u00e4ten auf der Facebook-Seite einzelnen Nutzern zugeordnet werden, wie lange Facebook diese Daten speichert und ob Daten aus einem Besuch der Facebook-Seite an Dritte weitergegeben werden, wird von Facebook nicht abschlie\u00dfend und klar benannt und ist uns nicht bekannt.<\/p>\n\n\n\n<p>Beim Zugriff auf eine Facebook-Seite wird die Ihrem Endger\u00e4t zugeteilte IP-Adresse an Facebook \u00fcbermittelt. Nach Auskunft von Facebook wird diese IP-Adresse anonymisiert (bei &#8222;deutschen&#8220; IP-Adressen) und nach 90 Tagen gel\u00f6scht. Facebook speichert dar\u00fcber hinaus Informationen \u00fcber die Endger\u00e4te seiner Nutzer (z.B. im Rahmen der Funktion \u201eAnmeldebenachrichtigung\u201c); gegebenenfalls ist Facebook damit eine Zuordnung von IP-Adressen zu einzelnen Nutzern m\u00f6glich.<\/p>\n\n\n\n<p>Wenn Sie als Nutzerin oder Nutzer aktuell bei Facebook angemeldet sind, befindet sich auf Ihrem Endger\u00e4t ein Cookie mit Ihrer Facebook-Kennung. Dadurch ist Facebook in der Lage nachzuvollziehen, dass Sie diese Seite aufgesucht und wie Sie sie genutzt haben. Dies gilt auch f\u00fcr alle anderen Facebook-Seiten. \u00dcber in Webseiten eingebundene Facebook-Buttons ist es Facebook m\u00f6glich, Ihre Besuche auf diesen Webseiten Seiten zu erfassen und Ihrem Facebook-Profil zuzuordnen. Anhand dieser Daten k\u00f6nnen Inhalte oder Werbung auf Sie zugeschnitten angeboten werden.<\/p>\n\n\n\n<p>Wenn Sie dies vermeiden m\u00f6chten, sollten Sie sich bei Facebook abmelden bzw. die Funktion &#8222;angemeldet bleiben&#8220; deaktivieren, die auf Ihrem Ger\u00e4t vorhandenen Cookies l\u00f6schen und Ihren Browser beenden und neu starten. Auf diese Weise werden Facebook-Informationen, \u00fcber die Sie unmittelbar identifiziert werden k\u00f6nnen, gel\u00f6scht. Damit k\u00f6nnen Sie unsere Facebook-Seite nutzen, ohne dass Ihre Facebook-Kennung offenbart wird. Wenn Sie auf interaktive Funktionen der Seite zugreifen (Gef\u00e4llt mir, Kommentieren, Teilen, Nachrichten etc.), erscheint eine Facebook-Anmeldemaske. Nach einer etwaigen Anmeldung sind Sie f\u00fcr Facebook erneut als bestimmte\/r Nutzerin\/Nutzer erkennbar.<\/p>\n\n\n\n<p>Informationen dazu, wie Sie \u00fcber Sie vorhandene Informationen verwalten oder l\u00f6schen k\u00f6nnen, finden Sie auf folgenden Facebook Support-Seiten: <a href=\"https:\/\/de-de.facebook.com\/about\/privacy\">de-de.facebook.com\/about\/privacy<\/a><\/p>\n\n\n\n<p>Wir als Anbieter des Informationsdienstes erheben und verarbeiten dar\u00fcber hinaus keine Daten aus Ihrer Nutzung unseres Dienstes.<\/p>\n\n\n\n<p>Diese Datenschutzerkl\u00e4rung finden Sie in der jeweils geltenden Fassung unter dem Punkt \u201eDatenschutz\u201c auf unserer Facebook-Seite. Bei Fragen zu unserem Informationsangebot k\u00f6nnen Sie uns unter der E-Mail-Adresse:&nbsp;<a href=\"mailto:datenschutz@erkodent.com\">datenschutz@erkodent.com<\/a> erreichen.<\/p>\n\n\n\n<p>Weitere Informationen zu Facebook und anderen Sozialen Netzen und wie Sie Ihre Daten sch\u00fctzen k\u00f6nnen, finden Sie auch auf youngdata.de.<\/p>\n\n\n\n<h3 class=\"wp-block-heading\">Aktualit\u00e4t und \u00c4nderung dieser Datenschutzerkl\u00e4rung<\/h3>\n\n\n\n<p>Erkodent beh\u00e4lt sich das Recht vor, diese Informationen zum Datenschutz nach eigenem Ermessen jederzeit und ohne Vorank\u00fcndigung ganz zu bearbeiten, erweitern oder zu k\u00fcrzen. \u00c4nderungen dieser Datenschutzrichtlinie gelten ab deren Ver\u00f6ffentlichung auf der Website. Wenn Sie die Website nach \u00c4nderungen an der Datenschutzrichtlinie weiterhin nutzen, gilt dies als Zustimmung zu diesen \u00c4nderungen.<br>Diese Datenschutzrichtlinie wurde zuletzt am 15.10.2018 aktualisiert.<\/p>\n\n\n\n<p>Erkodent Erich Kopp GmbH<br>Siemensstra\u00dfe 3<br>72285 Pfalzgrafenweiler<br>Tel.: +49 (0) 7445 8501 &#8211; 0<br>Fax: +49 (0) 7445 8501 &#8211; 15<br><a href=\"mailto:info@erkodent.com\">info@erkodent.com<\/a><\/p>\n","protected":false},"excerpt":{"rendered":"<p>Diese Datenschutzerkl\u00e4rung gilt f\u00fcr die Datenverarbeitung durch die Erkodent Erich Kopp GmbH. Kontaktdaten des f\u00fcr die Verarbeitung von Daten Verantwortlichen sowie des betrieblichen Datenschutzbeauftragten: Verantwortlicher: Erkodent Erich Kopp GmbHSiemensstra\u00dfe 372285 Pfalzgrafenweilermail:&nbsp;info@erkodent.comTel.: +49 (0) 7445 8501 -0vertreten durch den Gesch\u00e4ftsf\u00fchrer Hans-Peter Kopp Datenschutzbeauftragte(r): Unsere(n) Datenschutzbeauftragte(n) der Erkodent Erich Kopp GmbH erreichen Sie unter: Datenschutzbeauftragte(r)Erkodent Erich Kopp [&hellip;]<\/p>\n","protected":false},"author":1,"featured_media":0,"parent":0,"menu_order":0,"comment_status":"closed","ping_status":"open","template":"","meta":{"_acf_changed":false,"footnotes":""},"class_list":["post-3","page","type-page","status-publish","hentry"],"acf":[],"_links":{"self":[{"href":"https:\/\/www.erkodent.de\/ortho\/wp-json\/wp\/v2\/pages\/3"}],"collection":[{"href":"https:\/\/www.erkodent.de\/ortho\/wp-json\/wp\/v2\/pages"}],"about":[{"href":"https:\/\/www.erkodent.de\/ortho\/wp-json\/wp\/v2\/types\/page"}],"author":[{"embeddable":true,"href":"https:\/\/www.erkodent.de\/ortho\/wp-json\/wp\/v2\/users\/1"}],"replies":[{"embeddable":true,"href":"https:\/\/www.erkodent.de\/ortho\/wp-json\/wp\/v2\/comments?post=3"}],"version-history":[{"count":12,"href":"https:\/\/www.erkodent.de\/ortho\/wp-json\/wp\/v2\/pages\/3\/revisions"}],"predecessor-version":[{"id":3493,"href":"https:\/\/www.erkodent.de\/ortho\/wp-json\/wp\/v2\/pages\/3\/revisions\/3493"}],"wp:attachment":[{"href":"https:\/\/www.erkodent.de\/ortho\/wp-json\/wp\/v2\/media?parent=3"}],"curies":[{"name":"wp","href":"https:\/\/api.w.org\/{rel}","templated":true}]}}